{"id":1264,"date":"2015-02-04T12:52:50","date_gmt":"2015-02-04T10:52:50","guid":{"rendered":"http:\/\/baeume.de\/?page_id=1264"},"modified":"2016-03-18T17:48:47","modified_gmt":"2016-03-18T15:48:47","slug":"aufforstungen","status":"publish","type":"page","link":"https:\/\/baeume.de\/de\/aufforstungen","title":{"rendered":"Aufforstungen"},"content":{"rendered":"<p>[vc_row][vc_column][vc_column_text]<strong>Hier sehen Sie eine representative Auswahl unserer vielen Aufforstungsprojekte im Rahmen des Ombuga Grasland Tree Planting Project (OGTPP), an dem B\u00e4ume f\u00fcr Menschen \u2013 Trees for the World\u00ae seit 2002 beteiligt ist. Das Projekt wird vom Ministerium f\u00fcr Landwirtschaft, Wasser und Forstwirtschaft des namibischen Staates geleitet. In den letzen acht Jahren wurden auf insgesamt 11 Plots zwischen 2 und 60 Hektar Gr\u00f6\u00dfe, nach einem speziellen Versuchsdesign ca. 250.000 Setzlinge der unterschiedlichsten Arten und Herk\u00fcnfte aufgeforstet. Wir haben daf\u00fcr 60% der Pflanzen nach modernsten Anzuchtmethoden u.a. mit Luftwurzelschnitt produziert, geliefert und teilweise auch selbst auf den Versuchsplots ausgepflanzt.<\/strong><\/p>\n<p>Bei einer Aufforstung wird zwischen den 2 Methoden &#8222;Waldsaat&#8220; und &#8222;Waldpflanzung&#8220; unterschieden. Bei einer Waldsaat sind die S\u00e4mlinge meist von Anfang an gut durchgewurzelt. Hingegen ist es bei der Waldpflanzung anders, denn durch grobe Hilfsmittel beim Aufforsten kommt es oft dazu dass die B\u00e4ume besch\u00e4digt werden und ihr Wurzelwerk deformiert wird. Dies f\u00fchrt auch dazu dass der Baum weniger guten Halt hat.[\/vc_column_text][vc_basic_grid post_type=&#8220;page&#8220; max_items=&#8220;100&#8243; orderby=&#8220;title&#8220; order=&#8220;ASC&#8220; item=&#8220;1960&#8243; grid_id=&#8220;vc_gid:1458316107823-798f7b68-ae78-8&#8243; exclude=&#8220;42, 50, 79, 1270, 660, 583, 559, 553, 468, 83, 1616, 1277, 555, 550, 663, 547, 1647, 59, 611, 1268, 1266, 573, 723, 724, 24, 721, 557, 722, 1881, 1885, 1930&#8243;][\/vc_column][\/vc_row]<\/p>\n","protected":false},"excerpt":{"rendered":"<p>[vc_row][vc_column][vc_column_text]Hier sehen Sie eine representative Auswahl unserer vielen Aufforstungsprojekte im Rahmen des Ombuga Grasland Tree Planting Project (OGTPP), an dem B\u00e4ume f\u00fcr Menschen \u2013 Trees for the World\u00ae seit 2002 beteiligt ist. Das Projekt wird vom Ministerium f\u00fcr Landwirtschaft, Wasser und Forstwirtschaft des namibischen Staates geleitet. In den letzen acht Jahren wurden auf insgesamt 11 [&hellip;]<\/p>\n","protected":false},"author":2,"featured_media":0,"parent":0,"menu_order":0,"comment_status":"open","ping_status":"open","template":"","meta":{"footnotes":""},"class_list":["post-1264","page","type-page","status-publish","hentry"],"_links":{"self":[{"href":"https:\/\/baeume.de\/de\/wp-json\/wp\/v2\/pages\/1264","targetHints":{"allow":["GET"]}}],"collection":[{"href":"https:\/\/baeume.de\/de\/wp-json\/wp\/v2\/pages"}],"about":[{"href":"https:\/\/baeume.de\/de\/wp-json\/wp\/v2\/types\/page"}],"author":[{"embeddable":true,"href":"https:\/\/baeume.de\/de\/wp-json\/wp\/v2\/users\/2"}],"replies":[{"embeddable":true,"href":"https:\/\/baeume.de\/de\/wp-json\/wp\/v2\/comments?post=1264"}],"version-history":[{"count":0,"href":"https:\/\/baeume.de\/de\/wp-json\/wp\/v2\/pages\/1264\/revisions"}],"wp:attachment":[{"href":"https:\/\/baeume.de\/de\/wp-json\/wp\/v2\/media?parent=1264"}],"curies":[{"name":"wp","href":"https:\/\/api.w.org\/{rel}","templated":true}]}}