{"id":1268,"date":"2015-02-04T12:57:05","date_gmt":"2015-02-04T10:57:05","guid":{"rendered":"http:\/\/baeume.de\/?page_id=1268"},"modified":"2015-09-28T11:12:32","modified_gmt":"2015-09-28T09:12:32","slug":"fuer-unternehmen","status":"publish","type":"page","link":"https:\/\/baeume.de\/de\/fuer-unternehmen","title":{"rendered":"F\u00fcr Unternehmen"},"content":{"rendered":"<p>[vc_row][vc_column][vc_column_text]<\/p>\n<h1>F\u00fcr Unternehmen<\/h1>\n<p>Interessante Informationen f\u00fcr Unternehmen die sich Gedanken um die Zukunft machen und auf ihre Umgebung achten und unterst\u00fctzen wollen.<br \/>\nSich auch eventuell f\u00fcr eine Partnerschaft Interessieren da Sie die Entwicklungsl\u00e4nder unterst\u00fctzen wollen.<br \/>\nWeitere Informationen zu einer Partnerschaft etc. folgen in k\u00fcrze.[\/vc_column_text][\/vc_column][\/vc_row]<\/p>\n","protected":false},"excerpt":{"rendered":"<p>[vc_row][vc_column][vc_column_text] F\u00fcr Unternehmen Interessante Informationen f\u00fcr Unternehmen die sich Gedanken um die Zukunft machen und auf ihre Umgebung achten und unterst\u00fctzen wollen. Sich auch eventuell f\u00fcr eine Partnerschaft Interessieren da Sie die Entwicklungsl\u00e4nder unterst\u00fctzen wollen. Weitere Informationen zu einer Partnerschaft etc. folgen in k\u00fcrze.[\/vc_column_text][\/vc_column][\/vc_row]<\/p>\n","protected":false},"author":2,"featured_media":0,"parent":0,"menu_order":0,"comment_status":"open","ping_status":"open","template":"","meta":{"footnotes":""},"class_list":["post-1268","page","type-page","status-publish","hentry"],"_links":{"self":[{"href":"https:\/\/baeume.de\/de\/wp-json\/wp\/v2\/pages\/1268","targetHints":{"allow":["GET"]}}],"collection":[{"href":"https:\/\/baeume.de\/de\/wp-json\/wp\/v2\/pages"}],"about":[{"href":"https:\/\/baeume.de\/de\/wp-json\/wp\/v2\/types\/page"}],"author":[{"embeddable":true,"href":"https:\/\/baeume.de\/de\/wp-json\/wp\/v2\/users\/2"}],"replies":[{"embeddable":true,"href":"https:\/\/baeume.de\/de\/wp-json\/wp\/v2\/comments?post=1268"}],"version-history":[{"count":0,"href":"https:\/\/baeume.de\/de\/wp-json\/wp\/v2\/pages\/1268\/revisions"}],"wp:attachment":[{"href":"https:\/\/baeume.de\/de\/wp-json\/wp\/v2\/media?parent=1268"}],"curies":[{"name":"wp","href":"https:\/\/api.w.org\/{rel}","templated":true}]}}