{"id":1616,"date":"2015-03-27T12:51:02","date_gmt":"2015-03-27T10:51:02","guid":{"rendered":"http:\/\/baeume.de\/?page_id=1616"},"modified":"2021-10-15T11:05:32","modified_gmt":"2021-10-15T09:05:32","slug":"mitglieder-und-foerderer","status":"publish","type":"page","link":"https:\/\/baeume.de\/de\/baeume-fuer-menschen\/mitglieder-und-foerderer","title":{"rendered":"Mitglieder und F\u00f6rderer &#8211; vor 2019"},"content":{"rendered":"<p>[vc_row][vc_column][vc_column_text]<\/p>\n<h2>Wer sind wir? Wer unterst\u00fctzt uns?<\/h2>\n<p>[\/vc_column_text][\/vc_column][\/vc_row][vc_row][vc_column width=&#8220;1\/2&#8243;][vc_column_text]<\/p>\n<h3>Gr\u00fcndungsmitglieder &#8211; vor 2019<\/h3>\n<ul class=\"regular\">\n<li>Gottfried Brenner, Initiator\u00a0und Vorstand von B\u00e4ume f\u00fcr Menschen \u2013 Trees for the World<\/li>\n<li>Dr. Olaf Anders, Dipl.-Agrarwirt, vormals DSE<\/li>\n<li>Dr. Michael Heising, Wirtschaftsjunioren Deutschlands, DIHT-Umweltausschu\u00df<\/li>\n<li>Frank L\u00f6hnert, namibische Botschaft<\/li>\n<li>Dr. Erich Mies, Dipl.-Forstwirt, Deutsche Stiftung f\u00fcr Internationale Entwicklung (DSE)<\/li>\n<li>Ute Quink-Ernst, Deutscher Industrie- und Handelstag<\/li>\n<li>Holger Werkes, Kaufmann<\/li>\n<\/ul>\n<h3>Wissenschaftliche Begleiter &#8211; 2019<\/h3>\n<ul class=\"regular\">\n<li>Dr. Ralph Mitl\u00f6hner, Universit\u00e4t G\u00f6ttingen, Ass. Professor f\u00fcr tropischen Waldbau<\/li>\n<li>Dr. Bernd Stimm, Technische Universit\u00e4t M\u00fcnchen-Weihenstephan, Lehrstuhl f\u00fcr Waldbau und Forsteinrichtung<\/li>\n<li>Armin Haberl, Dipl.-F\u00f6rster (au\u00dfer Dienst)<\/li>\n<li>Gero Brehm, Forstoberrat, Bayerische Landesanstalt f\u00fcr forstliche Saat- und Pflanzenzucht, Teisendorf<\/li>\n<\/ul>\n<h3>Beratende Mitglieder &#8211; vor 2019<\/h3>\n<ul class=\"regular\">\n<li>Michael Holm, Autor<\/li>\n<li>Harald Mielke, Dipl.-Biologe, Reise- und Fotojournalist<\/li>\n<\/ul>\n<p>[\/vc_column_text][\/vc_column][vc_column width=&#8220;1\/2&#8243;][vc_column_text]<\/p>\n<h3>Besondere F\u00f6rderer und G\u00f6nner des Vereins &#8211; Vor 2019<\/h3>\n<ul class=\"regular\">\n<li>Minister Josef Miller, Schirmherr der Aktion Baumpatenschaft<\/li>\n<li>Bayerische Staatsregierung, Staatsministerium f\u00fcr Landwirtschaft, Forsten und Ern\u00e4hrung<\/li>\n<li>Deutsche Umwelthilfe, Radolfzell (Partnerschaft im Rahmen der Aktion \u201cLebendige W\u00e4lder\u201d)<\/li>\n<li>Dr. Klaus B\u00f6swald, Dipl.-F\u00f6rster, Berlin<\/li>\n<li>Prima Klima, Stephan Martini, Dipl.-F\u00f6rster&gt;<\/li>\n<\/ul>\n<h3>F\u00f6rderer in Namibia &#8211; vor 2019<\/h3>\n<ul class=\"regular\">\n<li>Mr Dengeinge, St\u00e4dteplaner von Ondangwa<\/li>\n<li>Mrs Teopolina Mushelenga, ehem. B\u00fcrgermeisterin von Ondangwa, jetzt Parlamentsabgeordnete<\/li>\n<li>Mr Fumeha Shigweda, Leiter der Stadtverwaltung, Ondangwa (ehemalig)<\/li>\n<li>Mr Paul Njodhi, Gesundheitsinspektor<\/li>\n<li>First National Bank of Namibia<\/li>\n<\/ul>\n<p>[\/vc_column_text][\/vc_column][\/vc_row]<\/p>\n","protected":false},"excerpt":{"rendered":"<p>[vc_row][vc_column][vc_column_text] Wer sind wir? Wer unterst\u00fctzt uns? [\/vc_column_text][\/vc_column][\/vc_row][vc_row][vc_column width=&#8220;1\/2&#8243;][vc_column_text] Gr\u00fcndungsmitglieder &#8211; vor 2019 Gottfried Brenner, Initiator\u00a0und Vorstand von B\u00e4ume f\u00fcr Menschen \u2013 Trees for the World Dr. Olaf Anders, Dipl.-Agrarwirt, vormals DSE Dr. Michael Heising, Wirtschaftsjunioren Deutschlands, DIHT-Umweltausschu\u00df Frank L\u00f6hnert, namibische Botschaft Dr. Erich Mies, Dipl.-Forstwirt, Deutsche Stiftung f\u00fcr Internationale Entwicklung (DSE) Ute Quink-Ernst, Deutscher [&hellip;]<\/p>\n","protected":false},"author":2,"featured_media":0,"parent":559,"menu_order":0,"comment_status":"closed","ping_status":"closed","template":"","meta":{"footnotes":""},"class_list":["post-1616","page","type-page","status-publish","hentry"],"_links":{"self":[{"href":"https:\/\/baeume.de\/de\/wp-json\/wp\/v2\/pages\/1616","targetHints":{"allow":["GET"]}}],"collection":[{"href":"https:\/\/baeume.de\/de\/wp-json\/wp\/v2\/pages"}],"about":[{"href":"https:\/\/baeume.de\/de\/wp-json\/wp\/v2\/types\/page"}],"author":[{"embeddable":true,"href":"https:\/\/baeume.de\/de\/wp-json\/wp\/v2\/users\/2"}],"replies":[{"embeddable":true,"href":"https:\/\/baeume.de\/de\/wp-json\/wp\/v2\/comments?post=1616"}],"version-history":[{"count":3,"href":"https:\/\/baeume.de\/de\/wp-json\/wp\/v2\/pages\/1616\/revisions"}],"predecessor-version":[{"id":5244,"href":"https:\/\/baeume.de\/de\/wp-json\/wp\/v2\/pages\/1616\/revisions\/5244"}],"up":[{"embeddable":true,"href":"https:\/\/baeume.de\/de\/wp-json\/wp\/v2\/pages\/559"}],"wp:attachment":[{"href":"https:\/\/baeume.de\/de\/wp-json\/wp\/v2\/media?parent=1616"}],"curies":[{"name":"wp","href":"https:\/\/api.w.org\/{rel}","templated":true}]}}