{"id":1930,"date":"2015-08-12T12:22:44","date_gmt":"2015-08-12T10:22:44","guid":{"rendered":"http:\/\/baeume.de\/?page_id=1930"},"modified":"2015-12-19T13:49:33","modified_gmt":"2015-12-19T11:49:33","slug":"selbstverpflichtung","status":"publish","type":"page","link":"https:\/\/baeume.de\/de\/baeume-fuer-menschen\/selbstverpflichtung","title":{"rendered":"Selbstverpflichtung"},"content":{"rendered":"<p>[vc_row][vc_column width=&#8220;2\/3&#8243;][vc_column_text]<strong>B\u00e4ume f\u00fcr Menschen \u2013 Trees for the World<sup>\u00ae<\/sup> e.V. bietet \u00fcber seinen Internetauftritt www.b\u00e4ume.de die M\u00f6glichkeit, mit der Zahlung ab <strong>5 Euro<\/strong> die Anpflanzung von einem<strong>\u00a0Baumsetzling<\/strong> auf einer namibischen Aufforstungsfl\u00e4che zu realisieren.<\/strong><\/p>\n<p>B\u00e4ume f\u00fcr Menschen \u2013 Trees for the World<sup>\u00ae<\/sup>\u00a0e.V. sichert zu, dass f\u00fcr die gezahlte Baumspende wirklich ein Baum gepflanzt wird. Sollte bei einem konkreten Projekt die Anpflanzung zu dem genannten Preis nicht realisierbar sein, wird B\u00e4ume f\u00fcr Menschen \u2013 Trees for the World<sup>\u00ae<\/sup>\u00a0e.V. die Mehrkosten aus eigenen Mitteln finanzieren. Sollte es m\u00f6glich sein, f\u00fcr die Spende mehr als einen Baum zu pflanzen, wird B\u00e4ume f\u00fcr Menschen \u2013 Trees for the World<sup>\u00ae<\/sup> e.V. die tats\u00e4chlich m\u00f6gliche Anzahl B\u00e4ume pflanzen.<\/p>\n<h3>Spenden sind \u00fcberlebenswichtig<\/h3>\n<p>Mit der Spende an B\u00e4ume f\u00fcr Menschen \u2013 Trees for the World<sup>\u00ae<\/sup>\u00a0e.V. wird die Aufzucht, Pflanzung und die Pflege von Baum-Setzlingen verschenkt. Au\u00dferdem wird durch die Schenkung die organisatorische Arbeit durch B\u00e4ume f\u00fcr Menschen \u2013 Trees for the World<sup>\u00ae<\/sup>\u00a0e.V. rund um die Pflanzungen erm\u00f6glicht. Die jungen B\u00e4ume selbst werden nicht tats\u00e4chlich verschenkt, vielmehr kann der Beschenkte sich \u00fcber den positiven Effekt f\u00fcr die Umwelt freuen, den die in seinem Namen erm\u00f6glichte Anpflanzung von B\u00e4umen hat.<\/p>\n<p>Der Spender hat die M\u00f6glichkeit, seine Baumspende dem aktuellen Projekt von B\u00e4ume f\u00fcr Menschen \u2013 Trees for the World<sup>\u00ae<\/sup>\u00a0e.V. zuzuordnen. Sollte die jeweilige Pflanzkapazit\u00e4t des betreffenden Plots bereits ausgesch\u00f6pft sein, wird B\u00e4ume f\u00fcr Menschen \u2013 Trees for the World<sup>\u00ae<\/sup>\u00a0e.V. die Spende dem jeweiligen Nachfolgeprojekt zuordnen.<\/p>\n<h3>Sorgf\u00e4ltige Auswahl neuer Projekte<\/h3>\n<p>Die Auswahl neuer Projekte im In- und Ausland geschieht auf der Grundlage spezieller standortangepasster Kriterien. Insbesondere die Beachtung von Aspekten der nachhaltigen Entwicklung, des \u00f6kologischen Zugewinns, der Langfristigkeit, der Anpassung an lokale\/regionale Bed\u00fcrfnisse sind hier Kernpunkte. B\u00e4ume f\u00fcr Menschen \u2013 Trees for the World<sup>\u00ae<\/sup>\u00a0e.V. pflanzt, soweit es die lokalen Verh\u00e4ltnisse gestatten, ausschlie\u00dflich einheimische Baumarten.<\/p>\n<h3>Absicherung durch Sicherheitspool<\/h3>\n<p>B\u00e4ume f\u00fcr Menschen \u2013 Trees for the World<sup>\u00ae<\/sup>\u00a0e.V. ist sich dessen bewusst, dass Aufforstungen einzelner Projektfl\u00e4chen wegen Trockenheit, Br\u00e4nde, Sch\u00e4dlingsbefall, Hochwasser etc. ganz oder teilweise vor\u00fcbergehend oder auf Dauer verloren gehen k\u00f6nnen. Dieses Risiko f\u00e4ngt B\u00e4ume f\u00fcr Menschen \u2013 Trees for the World<sup>\u00ae<\/sup>\u00a0e.V. durch einen Sicherheitspool auf. B\u00e4ume f\u00fcr Menschen \u2013 Trees for the World<sup>\u00ae<\/sup> e.V. erwartet einen solchen Extremfall allerdings nicht, weil seine Aufforstungen auf mehr als 18 verschiedenen Plots geschehen sind.<\/p>\n<h3>Detailliertes Aufforstungsmonitoring<\/h3>\n<p>Im Rahmen seines Aufforstungsmonitorings erstellt B\u00e4ume f\u00fcr Menschen \u2013 Trees for the World<sup>\u00ae<\/sup>\u00a0e.V. nach Beendigung jeder Ma\u00dfnahme GPS-Daten zur Fl\u00e4che, einen Bericht mit der Anzahl der gepflanzten B\u00e4ume, differenziert nach Baumarten, und Fotos der Fl\u00e4che vor und nach der Aufforstung. Danach werden in den ersten 7 Jahren j\u00e4hrlich und dann mindestens alle f\u00fcnf Jahre Berichte mit detaillierten Angaben zu Vitalit\u00e4t, Zuwachs und zum Basisdurchmesser der Setzlinge, au\u00dferdem Fotos der Fl\u00e4chen und Aussagen zu Schutzma\u00dfnahmen gegen Risiken wie z.B. Vergrasung, Sch\u00e4dlingsbefall, Trockenheit, Feuer etc. und ggf. zu durchgef\u00fchrten oder noch notwendigen Ersatzpflanzungen erstellt.[\/vc_column_text][\/vc_column][vc_column width=&#8220;1\/3&#8243;][vc_gallery type=&#8220;image_grid&#8220; images=&#8220;1981,1982,1983,1987,1989,1993,1984&#8243; img_size=&#8220;medium&#8220;][\/vc_column][\/vc_row]<\/p>\n","protected":false},"excerpt":{"rendered":"<p>[vc_row][vc_column width=&#8220;2\/3&#8243;][vc_column_text]B\u00e4ume f\u00fcr Menschen \u2013 Trees for the World\u00ae e.V. bietet \u00fcber seinen Internetauftritt www.b\u00e4ume.de die M\u00f6glichkeit, mit der Zahlung ab 5 Euro die Anpflanzung von einem\u00a0Baumsetzling auf einer namibischen Aufforstungsfl\u00e4che zu realisieren. B\u00e4ume f\u00fcr Menschen \u2013 Trees for the World\u00ae\u00a0e.V. sichert zu, dass f\u00fcr die gezahlte Baumspende wirklich ein Baum gepflanzt wird. Sollte bei [&hellip;]<\/p>\n","protected":false},"author":2,"featured_media":0,"parent":559,"menu_order":0,"comment_status":"closed","ping_status":"closed","template":"","meta":{"footnotes":""},"class_list":["post-1930","page","type-page","status-publish","hentry"],"_links":{"self":[{"href":"https:\/\/baeume.de\/de\/wp-json\/wp\/v2\/pages\/1930","targetHints":{"allow":["GET"]}}],"collection":[{"href":"https:\/\/baeume.de\/de\/wp-json\/wp\/v2\/pages"}],"about":[{"href":"https:\/\/baeume.de\/de\/wp-json\/wp\/v2\/types\/page"}],"author":[{"embeddable":true,"href":"https:\/\/baeume.de\/de\/wp-json\/wp\/v2\/users\/2"}],"replies":[{"embeddable":true,"href":"https:\/\/baeume.de\/de\/wp-json\/wp\/v2\/comments?post=1930"}],"version-history":[{"count":0,"href":"https:\/\/baeume.de\/de\/wp-json\/wp\/v2\/pages\/1930\/revisions"}],"up":[{"embeddable":true,"href":"https:\/\/baeume.de\/de\/wp-json\/wp\/v2\/pages\/559"}],"wp:attachment":[{"href":"https:\/\/baeume.de\/de\/wp-json\/wp\/v2\/media?parent=1930"}],"curies":[{"name":"wp","href":"https:\/\/api.w.org\/{rel}","templated":true}]}}