{"id":4649,"date":"2018-07-17T19:35:32","date_gmt":"2018-07-17T17:35:32","guid":{"rendered":"https:\/\/baeume.de\/?page_id=4649"},"modified":"2018-07-17T19:41:41","modified_gmt":"2018-07-17T17:41:41","slug":"links","status":"publish","type":"page","link":"https:\/\/baeume.de\/de\/links","title":{"rendered":"Links"},"content":{"rendered":"<p>[vc_row equal_height=&#8220;yes&#8220; css=&#8220;.vc_custom_1531846542623{border-top-width: 0px !important;border-right-width: 0px !important;border-bottom-width: 0px !important;border-left-width: 0px !important;border-left-style: solid !important;border-right-style: solid !important;border-top-style: solid !important;border-bottom-style: solid !important;}&#8220;][vc_column width=&#8220;1\/2&#8243;][vc_column_text]<\/p>\n<h3>Links zu Umweltschutzorganisationen<\/h3>\n<ul>\n<li><a href=\"http:\/\/www.wald2011.de\/\" target=\"_blank\" rel=\"noopener\">BMELV &#8211; Bundesministerium f\u00fcr Ern\u00e4hrung, Landwirtschaft und Verbraucherschutz <\/a><\/li>\n<li><a href=\"http:\/\/www.bmu.de\/\" target=\"_blank\" rel=\"noopener\">BMU &#8211; Bundesministerium f\u00fcr Umwelt, Naturschutz und Reaktorsicherheit<\/a><\/li>\n<li><a href=\"http:\/\/www.bund.net\/\" target=\"_blank\" rel=\"noopener\">BUND &#8211; Bund f\u00fcr Umwelt und Naturschutz Deutschland e.V.<\/a><\/li>\n<li><a href=\"http:\/\/www.dbu.de\/\" target=\"_blank\" rel=\"noopener\">DBU &#8211; Deutsche Bundesstiftung Umwelt<\/a><\/li>\n<li><a href=\"http:\/\/www.duh.de\/\" target=\"_blank\" rel=\"noopener\">DUH &#8211; Deutsche Umwelthilfe e.V.<\/a><\/li>\n<li><a href=\"http:\/\/www.global2000.at\/\" target=\"_blank\" rel=\"noopener\">GLOBAL 2000 &#8211; Die \u00d6sterreichische Umweltschutzorganisation<\/a><\/li>\n<li><a href=\"http:\/\/www.greenpeace.de\/\" target=\"_blank\" rel=\"noopener\">GREENPEACE e.V.<\/a><\/li>\n<li><a href=\"http:\/\/www.nabu.de\/\" target=\"_blank\" rel=\"noopener\">NABU &#8211; Naturschutzbund Deutschland e.V.<\/a><\/li>\n<li><a href=\"http:\/\/www.naturefund.de\/\" target=\"_blank\" rel=\"noopener\">NATUREFUND e.V.<\/a><\/li>\n<li><a href=\"http:\/\/www.robinwood.de\/\" target=\"_blank\" rel=\"noopener\">ROBIN WOOD e.V.<\/a><\/li>\n<li><a href=\"http:\/\/www.wwf.de\/\" target=\"_blank\" rel=\"noopener\">WWF &#8211; World Wide Fund For Nature<\/a><\/li>\n<\/ul>\n<p>[\/vc_column_text][\/vc_column][vc_column width=&#8220;1\/2&#8243;][vc_column_text]<\/p>\n<h3>Links zu Mobilit\u00e4t und Umweltschutz<\/h3>\n<ul>\n<li><a href=\"http:\/\/www.mobilohnefossil.de\/\" target=\"_blank\" rel=\"noopener\">Mobil ohne Fossil &#8211; Eintreten f\u00fcr eine saubere Zukunft<\/a><\/li>\n<li><a href=\"http:\/\/www.stattauto-muenchen.de\/\" target=\"_blank\" rel=\"noopener\">STATTAUTO M\u00fcnchen<\/a><\/li>\n<\/ul>\n<h3>Links zum \u00d6kologischen Landbau<\/h3>\n<ul>\n<li><a href=\"http:\/\/www.agoel.de\/\" target=\"_blank\" rel=\"noopener\">AG\u00d6L &#8211; Arbeitsgemeinschaft \u00d6kologischer Landbau<\/a><\/li>\n<li><a href=\"http:\/\/www.bundesprogramm-oekolandbau.de\/\" target=\"_blank\" rel=\"noopener\">B\u00d6L &#8211; Bundesprogramm \u00d6kologischer Landbau<\/a><\/li>\n<li><a href=\"http:\/\/www.oekolandbau.de\/\" target=\"_blank\" rel=\"noopener\">\u00d6kolandbau.de &#8211; Das Informationsportal zum \u00f6kologischen Landbau<\/a><\/li>\n<li><a href=\"http:\/\/www.soel.de\/\" target=\"_blank\" rel=\"noopener\">S\u00d6L &#8211; Stiftung \u00d6kologie &amp; Landbau<\/a><\/li>\n<\/ul>\n<p>[\/vc_column_text][\/vc_column][\/vc_row]<\/p>\n","protected":false},"excerpt":{"rendered":"<p>[vc_row equal_height=&#8220;yes&#8220; css=&#8220;.vc_custom_1531846542623{border-top-width: 0px !important;border-right-width: 0px !important;border-bottom-width: 0px !important;border-left-width: 0px !important;border-left-style: solid !important;border-right-style: solid !important;border-top-style: solid !important;border-bottom-style: solid !important;}&#8220;][vc_column width=&#8220;1\/2&#8243;][vc_column_text] Links zu Umweltschutzorganisationen BMELV &#8211; Bundesministerium f\u00fcr Ern\u00e4hrung, Landwirtschaft und Verbraucherschutz BMU &#8211; Bundesministerium f\u00fcr Umwelt, Naturschutz und Reaktorsicherheit BUND &#8211; Bund f\u00fcr Umwelt und Naturschutz Deutschland e.V. DBU &#8211; Deutsche Bundesstiftung Umwelt DUH &#8211; [&hellip;]<\/p>\n","protected":false},"author":17,"featured_media":0,"parent":0,"menu_order":0,"comment_status":"closed","ping_status":"closed","template":"","meta":{"footnotes":""},"class_list":["post-4649","page","type-page","status-publish","hentry"],"_links":{"self":[{"href":"https:\/\/baeume.de\/de\/wp-json\/wp\/v2\/pages\/4649","targetHints":{"allow":["GET"]}}],"collection":[{"href":"https:\/\/baeume.de\/de\/wp-json\/wp\/v2\/pages"}],"about":[{"href":"https:\/\/baeume.de\/de\/wp-json\/wp\/v2\/types\/page"}],"author":[{"embeddable":true,"href":"https:\/\/baeume.de\/de\/wp-json\/wp\/v2\/users\/17"}],"replies":[{"embeddable":true,"href":"https:\/\/baeume.de\/de\/wp-json\/wp\/v2\/comments?post=4649"}],"version-history":[{"count":5,"href":"https:\/\/baeume.de\/de\/wp-json\/wp\/v2\/pages\/4649\/revisions"}],"predecessor-version":[{"id":4655,"href":"https:\/\/baeume.de\/de\/wp-json\/wp\/v2\/pages\/4649\/revisions\/4655"}],"wp:attachment":[{"href":"https:\/\/baeume.de\/de\/wp-json\/wp\/v2\/media?parent=4649"}],"curies":[{"name":"wp","href":"https:\/\/api.w.org\/{rel}","templated":true}]}}