{"id":468,"date":"2014-10-19T11:17:09","date_gmt":"2014-10-19T11:17:09","guid":{"rendered":"http:\/\/baum-patenschaft.de\/?page_id=12"},"modified":"2015-12-31T16:09:24","modified_gmt":"2015-12-31T14:09:24","slug":"baeume-fuer-menschen-trees-for-the-world","status":"publish","type":"page","link":"https:\/\/baeume.de\/de\/baeume-fuer-menschen-trees-for-the-world","title":{"rendered":"Trees for the World"},"content":{"rendered":"<p>[vc_row][vc_column width=&#8220;2\/3&#8243;][vc_column_text]<\/p>\n<h2>B\u00e4ume f\u00fcr Menschen &#8211;\u00a0Trees for the World\u00ae<\/h2>\n<p>[\/vc_column_text][vc_column_text]<strong>B\u00e4ume f\u00fcr Menschen \u2013 Trees for the World<sup>\u00ae<\/sup> ist seit 1996 als angesehene Nichtregierungsorganisation (NGO) in der Entwicklungshilfe\u00a0auf\u00a0dem afrikanischen\u00a0Kontinent t\u00e4tig\u00a0 und im Vereinsregister des Registergerichts\u00a0M\u00fcnchen unter\u00a0der Registernummer VR 80497 eingetragen\u00a0und\u00a0mit\u00a0Freistellungsbescheid\u00a0desFinanzamtes Garmisch-Partenkirchen als gemeinn\u00fctzige Organisation (Non-Profit) anerkannt.<\/strong><\/p>\n<p><img loading=\"lazy\" decoding=\"async\" class=\"aligncenter wp-image-964 size-full\" src=\"\/wp-content\/uploads\/2014\/10\/Baum-Spr\u00f6\u00dflinge.png\" alt=\"B\u00e4ume Baum Spr\u00f6\u00dflinge Wurzel\" width=\"910\" height=\"200\" srcset=\"https:\/\/baeume.de\/wp-content\/uploads\/2014\/10\/Baum-Spr\u00f6\u00dflinge.png 910w, https:\/\/baeume.de\/wp-content\/uploads\/2014\/10\/Baum-Spr\u00f6\u00dflinge-300x66.png 300w, https:\/\/baeume.de\/wp-content\/uploads\/2014\/10\/Baum-Spr\u00f6\u00dflinge-100x22.png 100w\" sizes=\"auto, (max-width: 910px) 100vw, 910px\" \/><\/p>\n<p>Wir haben uns zum Ziel gesetzt, durch Forschung nach erneuerbaren\u00a0Energien, durch Bildung und durch soziales Engagement\u00a0der Gef\u00e4hrdung\u00a0der Ressource Wald\u00a0als Grundlage\u00a0 menschlichen\u00a0Lebens auf\u00a0unserem\u00a0Planeten entgegenzuwirken. Unsere Umweltorganisation ist global ausgerichtet\u00a0und transparent nach den Richtlinien\u00a0des DZI. Wesentlicher Bestandteil\u00a0unserer Projekte\u00a0ist die Aufforstung semiarider Gebiete und \u00f6ffentlich wirksame Umweltarbeit in den Projektregionen im Kontext zu Biodiversit\u00e4t.<\/p>\n<p>Wir verf\u00fcgen \u00fcber ein hohes Ma\u00df an Kompetenz und Know-how bez\u00fcglich Baumschulen und Errichtung obligater Netzwerke sowie deren Entwicklung respektive Installation von modernsten Verfahren der Forstwirtschaft, wobei durch\u00a0unsere Organisation\u00a0bereits\u00a0mehrfach\u00a0forstwirtschaftliche\u00a0Projekte\u00a0wie auch\u00a0agroforstwirtschaftliche\u00a0Projekte erfolgreich realisiert wurden.[\/vc_column_text][\/vc_column][vc_column width=&#8220;1\/3&#8243;][vc_column_text]<\/p>\n<h2>Unsere Projekte<\/h2>\n<p><strong>\u00bb <a style=\"font-size: 13px;\" title=\"Mutterbaumschule\" href=\"\/mutterbaumschule\">Mutterbaumschule<\/a><\/strong><br \/>\n<strong>\u00bb <a style=\"font-size: 13px;\" title=\"Zweigbaumschulen\" href=\"\/zweigbaumschulen\">Zweigbaumschule<\/a><\/strong><br \/>\n<strong>\u00bb <a style=\"font-size: 13px;\" title=\"OGTPP \u2013 Ombuga Grasland Tree Planting Project\" href=\"\/ogtpp-ombuga-grasland-tree-planting-project\">OGTPP &#8211; Graslandprojekt<\/a><\/strong><br \/>\n<strong>\u00bb <a style=\"font-size: 13px;\" title=\"Arboretum mit Waldlehrpfad\" href=\"\/arboremtum-mit-waldlehrpfad\">Arboretum mit Lehrpfad<\/a><\/strong><br \/>\n<strong>\u00bb <a style=\"font-size: 13px;\" title=\"Umweltbildungszentrum\" href=\"\/umweltbildungszentrum\">Umweltbildungszentrum<\/a><\/strong><br \/>\n<strong>\u00bb <a style=\"font-size: 13px;\" title=\"\u00d6lwald mit Jatropha\" href=\"\/oelwald-mit-jatropha\">\u00d6lwald mit Jatropha<\/a><\/strong>[\/vc_column_text][\/vc_column][\/vc_row]<\/p>\n","protected":false},"excerpt":{"rendered":"<p>[vc_row][vc_column width=&#8220;2\/3&#8243;][vc_column_text] B\u00e4ume f\u00fcr Menschen &#8211;\u00a0Trees for the World\u00ae [\/vc_column_text][vc_column_text]B\u00e4ume f\u00fcr Menschen \u2013 Trees for the World\u00ae ist seit 1996 als angesehene Nichtregierungsorganisation (NGO) in der Entwicklungshilfe\u00a0auf\u00a0dem afrikanischen\u00a0Kontinent t\u00e4tig\u00a0 und im Vereinsregister des Registergerichts\u00a0M\u00fcnchen unter\u00a0der Registernummer VR 80497 eingetragen\u00a0und\u00a0mit\u00a0Freistellungsbescheid\u00a0desFinanzamtes Garmisch-Partenkirchen als gemeinn\u00fctzige Organisation (Non-Profit) anerkannt. Wir haben uns zum Ziel gesetzt, durch Forschung nach erneuerbaren\u00a0Energien, [&hellip;]<\/p>\n","protected":false},"author":2,"featured_media":0,"parent":0,"menu_order":0,"comment_status":"closed","ping_status":"closed","template":"","meta":{"footnotes":""},"class_list":["post-468","page","type-page","status-publish","hentry"],"_links":{"self":[{"href":"https:\/\/baeume.de\/de\/wp-json\/wp\/v2\/pages\/468","targetHints":{"allow":["GET"]}}],"collection":[{"href":"https:\/\/baeume.de\/de\/wp-json\/wp\/v2\/pages"}],"about":[{"href":"https:\/\/baeume.de\/de\/wp-json\/wp\/v2\/types\/page"}],"author":[{"embeddable":true,"href":"https:\/\/baeume.de\/de\/wp-json\/wp\/v2\/users\/2"}],"replies":[{"embeddable":true,"href":"https:\/\/baeume.de\/de\/wp-json\/wp\/v2\/comments?post=468"}],"version-history":[{"count":0,"href":"https:\/\/baeume.de\/de\/wp-json\/wp\/v2\/pages\/468\/revisions"}],"wp:attachment":[{"href":"https:\/\/baeume.de\/de\/wp-json\/wp\/v2\/media?parent=468"}],"curies":[{"name":"wp","href":"https:\/\/api.w.org\/{rel}","templated":true}]}}