{"id":50,"date":"2014-10-24T11:56:13","date_gmt":"2014-10-24T11:56:13","guid":{"rendered":"http:\/\/baum-patenschaft.de\/?page_id=50"},"modified":"2025-04-23T12:58:54","modified_gmt":"2025-04-23T10:58:54","slug":"impressum","status":"publish","type":"page","link":"https:\/\/baeume.de\/de\/impressum","title":{"rendered":"Impressum"},"content":{"rendered":"<p>[vc_row][vc_column width=&#8220;1\/3&#8243;][vc_column_text]<\/p>\n<h3>Angaben gem\u00e4\u00df \u00a7 5 TMG:<\/h3>\n<h6>Gemeinn\u00fctziger Verein:<\/h6>\n<p>B\u00e4ume f\u00fcr Menschen &#8211; Trees for the World<sup>\u00ae<\/sup><br \/>\nAm Bahnhof 1<br \/>\n82449 Uffing am Staffelsee<br \/>\nGermany<\/p>\n<p>Telefon: +49 (0)8808 9344<br \/>\nTelefax: +49 (0)8808 9346<br \/>\nE-Mail: <a href=\"mailto:info@baeume.de\">info@baeume.de<\/a><\/p>\n<h6>Vertretungsberechtigter Vorstand:<\/h6>\n<p>Frithjof Finkbeiner<\/p>\n<h6>Verantwortlich f\u00fcr den Inhalt nach \u00a7 55 Abs. 2 RStV<\/h6>\n<p>Frithjof Finkbeiner<\/p>\n<h6>Registereintrag<\/h6>\n<p>Eintragung im Vereinsregister<br \/>\nRegisternummer: VR 80497<\/p>\n<h6>Streitschlichtung<\/h6>\n<p>Die Europ\u00e4ische Kommission stellt eine Plattform zur Online-Streitbeilegung (OS) bereit: <a href=\"https:\/\/ec.europa.eu\/consumers\/odr\" target=\"_blank\" rel=\"noopener\">https:\/\/ec.europa.eu\/consumers\/odr<\/a><br \/>\nUnsere E-Mail-Adresse finden Sie oben im Impressum.<\/p>\n<p>Wir sind nicht verpflichtet und nicht bereit an Streitbeilegungsverfahren vor einer Verbraucherschlichtungsstelle teilzunehmen.<\/p>\n<h6>Webdesign:<\/h6>\n<p>Heartbit Systems Ltd.<br \/>\nSulzer Str. 13<br \/>\nD-82380 Pei\u00dfenberg<br \/>\n<a title=\"Webdesign Weilheim-Schongau - Webseitenerstellung, Online-Marketing, Suchmaschinenoptimierung (SEO), Online-Shop-Erstellung, Webprogrammierung, Webtexterstellung, Websitepflege, DSGVO-Umsetzung, CMS, M\u00fcnchen, Pei\u00dfenberg, Oberbayern, Pfaffenwinkel\" href=\"http:\/\/www.heartbit-systems.de\/\" target=\"_blank\" rel=\"noopener\">www.heartbit-systems.de<\/a>[\/vc_column_text][vc_column_text]<\/p>\n<h6>Quellenangaben f\u00fcr die verwendeten Bilder und Grafiken:<\/h6>\n<ul>\n<li>National Park Niokolo Koba in Senegal &#8211; \u00a9 klublu \u2013 Fotolia.com<\/li>\n<li>Acacia Tree &#8211; \u00a9 Pixeltheater \u2013 Fotolia.com<\/li>\n<li>pixabay.com<\/li>\n<\/ul>\n<h6>Impressums-Quelle:<\/h6>\n<p>www.e-recht24.de[\/vc_column_text][\/vc_column][vc_column width=&#8220;2\/3&#8243;][vc_column_text]<\/p>\n<h2>Haftungshinweis<\/h2>\n<p>Alle Informationen und Erkl\u00e4rungen dieser Internetseiten sind unverbindlich. Der Seitenbetreiber \u00fcbernimmt f\u00fcr die Richtigkeit und Vollst\u00e4ndigkeit der Inhalte keine Gew\u00e4hr. Es werden keine Garantie \u00fcbernommen und keine Zusicherung von Produkteigenschaften gemacht. Aus den Inhalten der Internetseiten ergeben sich keine Rechtsanspr\u00fcche. Fehler im Inhalt werden bei Kenntnis dar\u00fcber unverz\u00fcglich korrigiert. Die Inhalte der Internetseiten k\u00f6nnen durch zeitverz\u00f6gerte Aktualisierung nicht permanent aktuell sein. Bitte fragen Sie uns daher zu dem Stand, technischen Details und Lieferbarkeit der Produkte und Dienstleistungen.<\/p>\n<p>Der Seitenbetreiber haftet nicht f\u00fcr Sch\u00e4den insbesondere nicht f\u00fcr unmittelbare oder mittelbare Folgesch\u00e4den, Datenverlust, entgangenen Gewinn, System- oder Produktionsausf\u00e4lle, die durch die Nutzung dieser Internetseiten oder das Herunterladen von Daten entstehen. Liegt bei einem entstandenen Schaden durch die Nutzung der Internetseiten oder das Herunterladen von Daten Vorsatz oder grobe Fahrl\u00e4ssigkeit vor, gilt der Haftungsausschluss nicht.<\/p>\n<p>Die durch die Nutzung der Internetseiten entstandene Rechtsbeziehung zwischen Ihnen und dem Seitenbetreiber unterliegt dem Recht der Bundesrepublik Deutschland. Bei Rechtsstreitigkeiten mit Vollkaufleuten, die aus der Nutzung dieser Internetseiten resultieren, ist der Gerichtsstand der Sitz des Seitenbetreibers.<\/p>\n<h3>Haftung f\u00fcr Inhalte<\/h3>\n<p>Als Diensteanbieter sind wir gem\u00e4\u00df \u00a7 7 Abs.1 TMG f\u00fcr eigene Inhalte auf diesen Seiten nach den allgemeinen Gesetzen verantwortlich. Nach \u00a7\u00a7 8 bis 10 TMG sind wir als Diensteanbieter jedoch nicht verpflichtet, \u00fcbermittelte oder gespeicherte fremde Informationen zu \u00fcberwachen oder nach Umst\u00e4nden zu forschen, die auf eine rechtswidrige T\u00e4tigkeit hinweisen.<\/p>\n<p>Verpflichtungen zur Entfernung oder Sperrung der Nutzung von Informationen nach den allgemeinen Gesetzen bleiben hiervon unber\u00fchrt. Eine diesbez\u00fcgliche Haftung ist jedoch erst ab dem Zeitpunkt der Kenntnis einer konkreten Rechtsverletzung m\u00f6glich. Bei Bekanntwerden von entsprechenden Rechtsverletzungen werden wir diese Inhalte umgehend entfernen.<\/p>\n<h3>Haftung f\u00fcr Links<\/h3>\n<p>Unser Angebot enth\u00e4lt Links zu externen Websites Dritter, auf deren Inhalte wir keinen Einfluss haben. Deshalb k\u00f6nnen wir f\u00fcr die Aktualit\u00e4t, Korrektheit, Vollst\u00e4ndigkeit oder Qualit\u00e4t dieser fremden Inhalte auch keine Gew\u00e4hr \u00fcbernehmen. F\u00fcr die Inhalte der verlinkten Seiten ist stets der jeweilige Anbieter oder Seitenbetreiber der Seiten verantwortlich. Zum Zeitpunkt der Verlinkung wurden die verlinkten Seiten auf m\u00f6gliche Rechtsverst\u00f6\u00dfe \u00fcberpr\u00fcft und es waren keine rechtswidrigen Inhalte erkennbar.<\/p>\n<p>Eine permanente inhaltliche Kontrolle der verlinkten Seiten ist ohne konkrete Anhaltspunkte einer Rechtsverletzung nicht zumutbar. Bei Bekanntwerden von Rechtsverletzungen werden wir derartige Links umgehend entfernen.<\/p>\n<h3>Urheberrechte und sonstige Sonderschutzrechte<\/h3>\n<p>Die durch die Seitenbetreiber erstellten Inhalte und Werke auf diesen Seiten unterliegen dem deutschen Urheberrecht. Die Vervielf\u00e4ltigung, Bearbeitung, Verbreitung und jede Art der Verwertung au\u00dferhalb der Grenzen des Urheberrechtes bed\u00fcrfen der schriftlichen Zustimmung des jeweiligen Autors bzw. Erstellers. Downloads und Kopien dieser Seite sind nur f\u00fcr den privaten, nicht kommerziellen Gebrauch gestattet.<\/p>\n<p>Soweit die Inhalte auf dieser Seite nicht vom Seitenbetreiber erstellt wurden, werden die Urheberrechte Dritter beachtet. Insbesondere werden Inhalte Dritter als solche gekennzeichnet. Sollten Sie trotzdem auf eine Urheberrechtsverletzung aufmerksam werden, bitten wir um einen entsprechenden Hinweis. Bei Bekanntwerden von Rechtsverletzungen werden wir derartige Inhalte umgehend entfernen.<\/p>\n<h3>Marken und Warenzeichen<\/h3>\n<p>Bei genannten Produkt- und Firmennamen kann es sich um eingetragene Warenzeichen oder Marken handeln. Fremde Warenzeichen und Markennamen, die auf dieser Website erscheinen, sind Eigentum des jeweiligen Rechteinhabers.<\/p>\n<h3>Herunterladen von Daten und Software<\/h3>\n<p>Der Seitenbetreiber \u00fcbernimmt keine Gew\u00e4hr f\u00fcr die Fehlerfreiheit von Daten und Software, die von den Internetseiten heruntergeladen werden k\u00f6nnen. Die Software wird vom Betreiber auf Virenbefall \u00fcberpr\u00fcft. Wir empfehlen dennoch, Daten und Software nach dem Herunterladen auf Virenbefall mit jeweils neuster Antivirensoftware zu pr\u00fcfen.<\/p>\n<h3>Widerspruch gegen Werbe-Mails<\/h3>\n<p>Der Nutzung von im Rahmen der Impressumspflicht ver\u00f6ffentlichten Kontaktdaten durch Dritte zur \u00dcbersendung von nicht ausdr\u00fccklich angeforderter Werbung und Informationsmaterialien wird hiermit ausdr\u00fccklich widersprochen. Der Betreiber der Seiten beh\u00e4lt sich ausdr\u00fccklich rechtliche Schritte im Falle der unverlangten Zusendung von Werbeinformationen, etwa durch Spam-Mails, vor.[\/vc_column_text][\/vc_column][\/vc_row]<\/p>\n","protected":false},"excerpt":{"rendered":"<p>[vc_row][vc_column width=&#8220;1\/3&#8243;][vc_column_text] Angaben gem\u00e4\u00df \u00a7 5 TMG: Gemeinn\u00fctziger Verein: B\u00e4ume f\u00fcr Menschen &#8211; Trees for the World\u00ae Am Bahnhof 1 82449 Uffing am Staffelsee Germany Telefon: +49 (0)8808 9344 Telefax: +49 (0)8808 9346 E-Mail: info@baeume.de Vertretungsberechtigter Vorstand: Frithjof Finkbeiner Verantwortlich f\u00fcr den Inhalt nach \u00a7 55 Abs. 2 RStV Frithjof Finkbeiner Registereintrag Eintragung im Vereinsregister [&hellip;]<\/p>\n","protected":false},"author":2,"featured_media":0,"parent":0,"menu_order":0,"comment_status":"closed","ping_status":"closed","template":"","meta":{"footnotes":""},"class_list":["post-50","page","type-page","status-publish","hentry"],"_links":{"self":[{"href":"https:\/\/baeume.de\/de\/wp-json\/wp\/v2\/pages\/50","targetHints":{"allow":["GET"]}}],"collection":[{"href":"https:\/\/baeume.de\/de\/wp-json\/wp\/v2\/pages"}],"about":[{"href":"https:\/\/baeume.de\/de\/wp-json\/wp\/v2\/types\/page"}],"author":[{"embeddable":true,"href":"https:\/\/baeume.de\/de\/wp-json\/wp\/v2\/users\/2"}],"replies":[{"embeddable":true,"href":"https:\/\/baeume.de\/de\/wp-json\/wp\/v2\/comments?post=50"}],"version-history":[{"count":5,"href":"https:\/\/baeume.de\/de\/wp-json\/wp\/v2\/pages\/50\/revisions"}],"predecessor-version":[{"id":5387,"href":"https:\/\/baeume.de\/de\/wp-json\/wp\/v2\/pages\/50\/revisions\/5387"}],"wp:attachment":[{"href":"https:\/\/baeume.de\/de\/wp-json\/wp\/v2\/media?parent=50"}],"curies":[{"name":"wp","href":"https:\/\/api.w.org\/{rel}","templated":true}]}}