{"id":5358,"date":"2024-06-13T19:30:19","date_gmt":"2024-06-13T17:30:19","guid":{"rendered":"https:\/\/baeume.de\/?page_id=5358"},"modified":"2024-06-14T08:37:09","modified_gmt":"2024-06-14T06:37:09","slug":"neu-startseite","status":"publish","type":"page","link":"https:\/\/baeume.de\/de","title":{"rendered":"Neu Startseite"},"content":{"rendered":"<p>[vc_row][vc_column][vc_column_text]<\/p>\n<h1 style=\"text-align: center;\">Willkommen bei B\u00e4ume f\u00fcr Menschen \u2013 Trees for the World e.V<\/h1>\n<h3 style=\"text-align: center;\">Die erste deutsche Umweltorganisation der eine eigene Baumschule und einen Kindergarten in Namibia betrieben hat.<\/h3>\n<p>[\/vc_column_text][\/vc_column][\/vc_row][vc_row][vc_column width=&#8220;1\/2&#8243;][vc_column_text css_animation=&#8220;fadeIn&#8220;]<iframe loading=\"lazy\" src=\"https:\/\/www.youtube-nocookie.com\/embed\/qNPOcdvQmXA\" width=\"560\" height=\"315\" frameborder=\"0\" allowfullscreen=\"allowfullscreen\"><\/iframe>[\/vc_column_text][\/vc_column][vc_column width=&#8220;1\/2&#8243;][vc_column_text]<iframe loading=\"lazy\" src=\"https:\/\/www.youtube-nocookie.com\/embed\/63ZRWIp9cT8\" width=\"560\" height=\"315\" frameborder=\"0\" allowfullscreen=\"allowfullscreen\"><\/iframe>[\/vc_column_text][\/vc_column][\/vc_row][vc_row][vc_column][\/vc_column][\/vc_row][vc_row full_width=&#8220;stretch_row&#8220; css=&#8220;.vc_custom_1450700684298{background-image: url(\/wp-content\/uploads\/2014\/12\/paper.png?id=2841) !important;background-position: 0 0 !important;background-repeat: repeat !important;}&#8220;][vc_column][vc_cta h2=&#8220;&#8220; shape=&#8220;square&#8220; style=&#8220;outline&#8220; add_button=&#8220;bottom&#8220; btn_title=&#8220;SPENDEN SIE JETZT!&#8220; btn_style=&#8220;outline-custom&#8220; btn_outline_custom_color=&#8220;#2e7d2c&#8220; btn_outline_custom_hover_background=&#8220;rgba(213,203,159,0.5)&#8220; btn_outline_custom_hover_text=&#8220;#2e7d2c&#8220; btn_shape=&#8220;square&#8220; btn_size=&#8220;lg&#8220; btn_align=&#8220;center&#8220; btn_i_align=&#8220;right&#8220; btn_i_icon_fontawesome=&#8220;fa fa-chevron-right&#8220; btn_css_animation=&#8220;appear&#8220; btn_add_icon=&#8220;true&#8220; btn_link=&#8220;url:https%3A%2F%2Fdonate.plant-for-the-planet.org%2F%3Fto%3Dyucatan%26step%3Ddonate||target:%20_blank|&#8220; css=&#8220;.vc_custom_1718301092592{background-position: 0 0 !important;background-repeat: repeat !important;}&#8220;]<\/p>\n<h1 style=\"text-align: center;\"><img loading=\"lazy\" decoding=\"async\" class=\"alignright wp-image-2995 size-medium\" src=\"\/wp-content\/uploads\/2014\/10\/logo_baeume_fuer_menschen_r-222x300.png\" alt=\"logo_baeume_fuer_menschen_r\" width=\"222\" height=\"300\" srcset=\"https:\/\/baeume.de\/wp-content\/uploads\/2014\/10\/logo_baeume_fuer_menschen_r-222x300.png 222w, https:\/\/baeume.de\/wp-content\/uploads\/2014\/10\/logo_baeume_fuer_menschen_r-100x135.png 100w, https:\/\/baeume.de\/wp-content\/uploads\/2014\/10\/logo_baeume_fuer_menschen_r.png 342w\" sizes=\"auto, (max-width: 222px) 100vw, 222px\" \/>B\u00e4ume f\u00fcr Menschen<\/h1>\n<p style=\"text-align: center;\">B\u00e4ume f\u00fcr Menschen \u2013 Trees for the World e.V., unter neuer F\u00fchrung, setzt sich weiterhin f\u00fcr \u00f6kologische Renaturierung ein. Urspr\u00fcnglich von Gottfried Brenner gegr\u00fcndet, hat die Organisation in den letzten Jahren erhebliche Ver\u00e4nderungen und Herausforderungen gemeistert. Heute stehen wir stark mit einer klaren Mission und Vision, um einen nachhaltig positiven Einfluss f\u00fcr die Zukunft der Menschheit zu haben.<\/p>\n<p>[\/vc_cta][\/vc_column][\/vc_row][vc_row][vc_column][vc_column_text css=&#8220;.vc_custom_1718300443809{padding-top: 10px !important;padding-bottom: 30px !important;}&#8220;]<\/p>\n<h1 style=\"text-align: center;\">Unsere Mission: Yukatan-Renaturierung<\/h1>\n<p style=\"text-align: center;\">In Zusammenarbeit mit Plant-for-the-Planet A.C., Mexiko, konzentrieren wir unsere Bem\u00fchungen auf die Yucat\u00e1n-Halbinsel, eine Region, die reich an Biodiversit\u00e4t, aber stark von Entwaldung bedroht ist. Unser &#8218;Yucat\u00e1n-Restoration-Project&#8216; zielt darauf ab, degradierte Gebiete wiederherzustellen, die Biodiversit\u00e4t zu erh\u00f6hen und lokale Gemeinschaften durch strategisches Pflanzen von B\u00e4umen zu unterst\u00fctzen.<\/p>\n<div class=\"cl-preview-section\">\n<h4 id=\"warum-yukatan\">Warum Yukatan?<\/h4>\n<\/div>\n<div class=\"cl-preview-section\">\n<p>Die Yuckatan-Halbinsel ist ein \u00f6kologisches Juwel mit:<br \/>\n\u2022\u2060 \u2060<em>Vielf\u00e4ltiger Tierwelt:<\/em>\u00a0Heimat unz\u00e4hliger Arten, einschlie\u00dflich Jaguaren, Spinnenaffen und vielf\u00e4ltiger Vogelarten.<br \/>\n\u2022\u2060 \u2060<em>Kulturellem Erbe:<\/em>\u00a0Alte Maya-Ruinen und kulturelle St\u00e4tten, die die historische Bedeutung der Region hervorheben.<br \/>\n\u2022\u2060 \u2060<em>\u00d6kologischer Bedeutung:<\/em>\u00a0Mangroven, Korallenriffe und W\u00e4lder, insbesondere tropischen Trockenw\u00e4lder, die eine entscheidende Rolle bei der Klimaregulierung und Unterst\u00fctzung lokaler Gemeinschaften spielen.<\/p>\n<\/div>\n<div class=\"cl-preview-section\">\n<h4 id=\"die-herausforderungen\">Die Herausforderungen<\/h4>\n<\/div>\n<div class=\"cl-preview-section\">\n<p>Entwaldung, getrieben durch landwirtschaftliche Expansion, Holzeinschlag und Viehzucht, stellt erhebliche Bedrohungen dar:<br \/>\n\u2022\u2060 \u2060<em>Bodenerosion:<\/em>\u00a0Verlust der Baumdecke f\u00fchrt zu Bodendegradation.<br \/>\n\u2022\u2060 \u2060<em>Wasserqualit\u00e4t:<\/em>\u00a0W\u00e4lder wirken als nat\u00fcrliche Wasserfilter, und ihre Entfernung st\u00f6rt lokale Wasserkreisl\u00e4ufe.<br \/>\n\u2022\u2060 \u2060<em>Verlust der Biodiversit\u00e4t:<\/em>\u00a0Kritische Lebensr\u00e4ume werden zerst\u00f6rt und gef\u00e4hrden zahlreiche Arten.<br \/>\n\u2022\u2060 \u2060<em>Klimawirkung:<\/em>\u00a0B\u00e4ume binden Kohlendioxid, und Entwaldung versch\u00e4rft die Klimakrise.<\/p>\n<\/div>\n<div class=\"cl-preview-section\">\n<h3 id=\"unsere-l\u00f6sung-b\u00e4ume-pflanzen-hoffnung-wiederherstellen\">Unsere L\u00f6sung: B\u00e4ume pflanzen, Hoffnung wiederherstellen<\/h3>\n<\/div>\n<div class=\"cl-preview-section\">\n<p>Unsere Restaurierungsbem\u00fchungen in Constituci\u00f3n, Campeche auf der Yukatan-Halbinsel umfassen:<br \/>\n\u2022\u2060 \u2060<em>Erh\u00f6hung der Baumdichte:<\/em>\u00a0Pflanzung einheimischer Arten zur Wiederherstellung degradierter Fl\u00e4chen.<br \/>\n\u2022\u2060 \u2060<em>F\u00f6rderung der Biodiversit\u00e4t:<\/em>\u00a0Unterst\u00fctzung der R\u00fcckkehr vielf\u00e4ltiger Flora und Fauna.<br \/>\n\u2022\u2060 \u2060<em>Verbesserung der Bodenqualit\u00e4t:<\/em>\u00a0Verhinderung von Erosion und Verbesserung der Bodenfruchtbarkeit.<br \/>\n\u2022\u2060 \u2060<em>Bek\u00e4mpfung der Klimakrise:<\/em>\u00a0B\u00e4ume absorbieren und speichern Kohlendioxid und helfen so, die globale Erw\u00e4rmung zu bek\u00e4mpfen.<br \/>\n\u2022\u2060 \u2060<em>St\u00e4rkung der Gemeinschaften:<\/em>\u00a0Einbeziehung der lokalen Bev\u00f6lkerung in Pflanzaktivit\u00e4ten, F\u00f6rderung des Engagements und Schaffung von Arbeitspl\u00e4tzen.<\/p>\n<\/div>\n<p>[\/vc_column_text][\/vc_column][\/vc_row][vc_row full_width=&#8220;stretch_row&#8220; content_placement=&#8220;middle&#8220; css=&#8220;.vc_custom_1450605568101{background: #2e7d2c url(\/wp-content\/uploads\/2014\/12\/burlap.png?id=2662) !important;background-position: 0 0 !important;background-repeat: repeat !important;}&#8220;][vc_column width=&#8220;1\/3&#8243;][vc_separator color=&#8220;white&#8220; style=&#8220;double&#8220; css=&#8220;.vc_custom_1464102158606{padding-bottom: 15px !important;}&#8220;][\/vc_column][vc_column width=&#8220;1\/3&#8243;][vc_btn title=&#8220;Spende jetzt&#8220; style=&#8220;custom&#8220; custom_background=&#8220;#ffffff&#8220; custom_text=&#8220;#2e7d2c&#8220; shape=&#8220;square&#8220; size=&#8220;lg&#8220; align=&#8220;center&#8220; i_align=&#8220;right&#8220; i_icon_fontawesome=&#8220;fa fa-chevron-right&#8220; css_animation=&#8220;appear&#8220; add_icon=&#8220;true&#8220; link=&#8220;url:https%3A%2F%2Fdonate.plant-for-the-planet.org%2F%3Fto%3Dyucatan%26step%3Ddonate|title:Spenden%20Sie%20jetzt!|target:%20_blank|&#8220;][\/vc_column][vc_column width=&#8220;1\/3&#8243;][vc_separator color=&#8220;white&#8220; style=&#8220;double&#8220; css=&#8220;.vc_custom_1464102178055{padding-bottom: 15px !important;}&#8220;][\/vc_column][\/vc_row][vc_row][vc_column][vc_column_text]<\/p>\n<div class=\"cl-preview-section\">\n<h1 id=\"beteiligen-sie-sich\" style=\"text-align: center;\">Beteiligen Sie sich<\/h1>\n<\/div>\n<div class=\"cl-preview-section\" style=\"text-align: center;\">\n<p>Wir laden Sie ein, sich dieser wichtigen Mission anzuschlie\u00dfen. Ihre gro\u00dfz\u00fcgigen Spenden unterst\u00fctzen direkt unsere Aufforstungsinitiativen und tragen zu einer nachhaltigen Zukunft bei.<\/p>\n<\/div>\n<div class=\"cl-preview-section\" style=\"text-align: center;\">\n<p><em>Spenden Sie heute:<\/em><br \/>\n\u2022\u2060 \u2060<em>VR-Bank Werdenfels<\/em><br \/>\n<em>IBAN:<\/em>\u00a0DE19 7039 0000 0000 1717 00<br \/>\n<em>BIC:<\/em>\u00a0GENODEF1GAP<\/p>\n<\/div>\n<div class=\"cl-preview-section\">\n<p style=\"text-align: center;\">\u2022\u2060 \u2060<em>Sparkasse Oberland<\/em><br \/>\n<em>IBAN:<\/em>\u00a0DE10 7035 1030 0000 6911 88<br \/>\n<em>BIC:<\/em>\u00a0BYLADEM1WHM<\/p>\n<\/div>\n<p>[\/vc_column_text][\/vc_column][\/vc_row][vc_row parallax=&#8220;content-moving&#8220;][vc_column width=&#8220;1\/2&#8243;][vc_cta h2=&#8220;&#8220; shape=&#8220;square&#8220; style=&#8220;custom&#8220; add_button=&#8220;bottom&#8220; btn_title=&#8220;SCHENKEN SIE EINE BAUMPATENSCHAFT!&#8220; btn_style=&#8220;outline-custom&#8220; btn_outline_custom_color=&#8220;#2e7d2c&#8220; btn_outline_custom_hover_background=&#8220;rgba(213,203,159,0.5)&#8220; btn_outline_custom_hover_text=&#8220;#2e7d2c&#8220; btn_shape=&#8220;square&#8220; btn_size=&#8220;lg&#8220; btn_align=&#8220;center&#8220; btn_i_align=&#8220;right&#8220; btn_i_icon_fontawesome=&#8220;fa fa-chevron-right&#8220; btn_css_animation=&#8220;appear&#8220; btn_add_icon=&#8220;true&#8220; btn_link=&#8220;url:https%3A%2F%2Fdonate.plant-for-the-planet.org%2F%3Fto%3Dyucatan%26step%3Ddonate|title:Schenken%20Sie%20eine%20Baumpatenschaft!|target:%20_blank|&#8220; custom_text=&#8220;#545454&#8243; custom_background=&#8220;rgba(255,255,255,0.01)&#8220;]<\/p>\n<div class=\"cl-preview-section\">\n<h3 id=\"unsere-geschichte\">Unsere Geschichte<\/h3>\n<\/div>\n<div class=\"cl-preview-section\">\n<p>Die Geschichte von B\u00e4ume f\u00fcr Menschen \u2013 Trees for the World e.V. ist eine Geschichte von Widerstandskraft und Engagement. Gegr\u00fcndet am 26. M\u00e4rz 1996 von Gottfried Brenner und Freunden, konzentrierte sich die Organisation auf die Wiederbewaldung in Namibia und markierte damit den Beginn einer globalen Reise zur Bek\u00e4mpfung der Entwaldung. Nach Gottfried Brenners Tod haben wir unseren Schwerpunkt auf die \u00f6kologische Renaturierung auf der mexikanischen Yukatan-Halbinsel gelegt, die die h\u00f6chste Transparenz bietet.<\/p>\n<\/div>\n<div class=\"cl-preview-section\">\n<h3 id=\"werden-sie-teil-der-bewegung\">Werden Sie Teil der Bewegung<\/h3>\n<\/div>\n<div class=\"cl-preview-section\">\n<p>Durch Ihre Unterst\u00fctzung von B\u00e4ume f\u00fcr Menschen tragen Sie zu einer globalen Anstrengung bei, W\u00e4lder wiederherzustellen, die Biodiversit\u00e4t zu sch\u00fctzen und die Klimakrise zu bek\u00e4mpfen. Gemeinsam k\u00f6nnen wir mit B\u00e4umen eine bessere Zukunft f\u00fcr uns Menschen sicherstellen.<\/p>\n<\/div>\n<div class=\"cl-preview-section\">\n<p>Bleiben Sie mit uns verbunden und verfolgen Sie unsere Fortschritte, w\u00e4hrend wir auf eine bessere Zukunft hinarbeiten.<\/p>\n<\/div>\n<p>[\/vc_cta][\/vc_column][vc_column width=&#8220;1\/2&#8243;][vc_single_image image=&#8220;2546&#8243; img_size=&#8220;large&#8220; alignment=&#8220;right&#8220; css_animation=&#8220;appear&#8220; css=&#8220;.vc_custom_1464104796625{padding-top: 20px !important;}&#8220;][\/vc_column][\/vc_row][vc_row][vc_column][vc_cta h2=&#8220;&#8220; shape=&#8220;square&#8220; style=&#8220;outline&#8220; add_button=&#8220;right&#8220; btn_title=&#8220;KONTAKTIEREN SIE UNS!&#8220; btn_style=&#8220;outline-custom&#8220; btn_outline_custom_color=&#8220;#2e7d2c&#8220; btn_outline_custom_hover_background=&#8220;rgba(213,203,159,0.5)&#8220; btn_outline_custom_hover_text=&#8220;#2e7d2c&#8220; btn_shape=&#8220;square&#8220; btn_size=&#8220;lg&#8220; btn_align=&#8220;center&#8220; btn_i_align=&#8220;right&#8220; btn_i_icon_fontawesome=&#8220;fa fa-chevron-right&#8220; btn_css_animation=&#8220;appear&#8220; btn_add_icon=&#8220;true&#8220; btn_link=&#8220;url:%2Fkontakt|title:Kontaktieren%20Sie%20uns!|&#8220; css=&#8220;.vc_custom_1464168767631{background-image: url(\/wp-content\/uploads\/2014\/12\/paper.png?id=2841) !important;background-position: 0 0 !important;background-repeat: repeat !important;}&#8220;]<\/p>\n<h1>\u00a0Was k\u00f6nnen wir noch tun um Sie zu \u00fcberzeugen?<\/h1>\n<p>[\/vc_cta][\/vc_column][\/vc_row]<\/p>\n","protected":false},"excerpt":{"rendered":"<p>[vc_row][vc_column][vc_column_text] Willkommen bei B\u00e4ume f\u00fcr Menschen \u2013 Trees for the World e.V Die erste deutsche Umweltorganisation der eine eigene Baumschule und einen Kindergarten in Namibia betrieben hat. [\/vc_column_text][\/vc_column][\/vc_row][vc_row][vc_column width=&#8220;1\/2&#8243;][vc_column_text css_animation=&#8220;fadeIn&#8220;][\/vc_column_text][\/vc_column][vc_column width=&#8220;1\/2&#8243;][vc_column_text][\/vc_column_text][\/vc_column][\/vc_row][vc_row][vc_column][\/vc_column][\/vc_row][vc_row full_width=&#8220;stretch_row&#8220; css=&#8220;.vc_custom_1450700684298{background-image: url(\/wp-content\/uploads\/2014\/12\/paper.png?id=2841) !important;background-position: 0 0 !important;background-repeat: repeat !important;}&#8220;][vc_column][vc_cta h2=&#8220;&#8220; shape=&#8220;square&#8220; style=&#8220;outline&#8220; add_button=&#8220;bottom&#8220; btn_title=&#8220;SPENDEN SIE JETZT!&#8220; btn_style=&#8220;outline-custom&#8220; btn_outline_custom_color=&#8220;#2e7d2c&#8220; btn_outline_custom_hover_background=&#8220;rgba(213,203,159,0.5)&#8220; btn_outline_custom_hover_text=&#8220;#2e7d2c&#8220; btn_shape=&#8220;square&#8220; btn_size=&#8220;lg&#8220; btn_align=&#8220;center&#8220; btn_i_align=&#8220;right&#8220; [&hellip;]<\/p>\n","protected":false},"author":19,"featured_media":0,"parent":0,"menu_order":0,"comment_status":"closed","ping_status":"closed","template":"","meta":{"footnotes":""},"class_list":["post-5358","page","type-page","status-publish","hentry"],"_links":{"self":[{"href":"https:\/\/baeume.de\/de\/wp-json\/wp\/v2\/pages\/5358","targetHints":{"allow":["GET"]}}],"collection":[{"href":"https:\/\/baeume.de\/de\/wp-json\/wp\/v2\/pages"}],"about":[{"href":"https:\/\/baeume.de\/de\/wp-json\/wp\/v2\/types\/page"}],"author":[{"embeddable":true,"href":"https:\/\/baeume.de\/de\/wp-json\/wp\/v2\/users\/19"}],"replies":[{"embeddable":true,"href":"https:\/\/baeume.de\/de\/wp-json\/wp\/v2\/comments?post=5358"}],"version-history":[{"count":4,"href":"https:\/\/baeume.de\/de\/wp-json\/wp\/v2\/pages\/5358\/revisions"}],"predecessor-version":[{"id":5362,"href":"https:\/\/baeume.de\/de\/wp-json\/wp\/v2\/pages\/5358\/revisions\/5362"}],"wp:attachment":[{"href":"https:\/\/baeume.de\/de\/wp-json\/wp\/v2\/media?parent=5358"}],"curies":[{"name":"wp","href":"https:\/\/api.w.org\/{rel}","templated":true}]}}