{"id":550,"date":"2014-12-10T16:42:48","date_gmt":"2014-12-10T14:42:48","guid":{"rendered":"http:\/\/baeume.de\/?page_id=550"},"modified":"2015-12-19T11:48:00","modified_gmt":"2015-12-19T09:48:00","slug":"arboretum-mit-waldlehrpfad","status":"publish","type":"page","link":"https:\/\/baeume.de\/de\/arboretum-mit-waldlehrpfad","title":{"rendered":"Arboretum mit Waldlehrpfad"},"content":{"rendered":"<p>[vc_row][vc_column width=&#8220;2\/3&#8243;][vc_column_text]<strong>Ein <em>Arboretum<\/em> (lat. <em>arbor<\/em> &#8222;Baum&#8220;) ist eine Sammlung verschiedenartiger, oft auch exotischer Geh\u00f6lze, die nicht in Pflanzgef\u00e4\u00dfen wachsen. Ein Arboretum kann beispielsweise ein botanischer Garten sein, in dem haupts\u00e4chlich B\u00e4ume und Str\u00e4ucher angepflanzt werden. Man spricht von einem &#8222;Fruticetum&#8220;, wenn nur Str\u00e4ucher angepflanzt werden. Werden in einem Arboretum nur Nadelgeh\u00f6lze angepflanzt, nennt man diese Sammlung &#8222;Pinetum&#8220;.<\/strong><\/p>\n<p>Das Arboretum von B\u00e4ume f\u00fcr Menschen &#8211; Trees for the World<sup>\u00ae<\/sup> befindet sich auf dem ca. 3 Hektar gro\u00dfen Gel\u00e4nde der Mutterbaumschule in Ondangwa im Norden von Namibia. Es setzt sich aus Baum- und Straucharten des landestypischen regengr\u00fcnen Trockenwaldes sowie anderen exotischen Gew\u00e4chsen zusammen. Unsere Sammlung exotischer Geh\u00f6lze ist dazu gedacht, den nachfolgenden Generationen insbesondere die seltenen B\u00e4ume, Str\u00e4ucher und Pflanzen zu erhalten, die inzwischen weitgehend ausgerottet wurden. Im Arboretum wurde ein <strong>Waldlehrpfad<\/strong> angelegt, der jedem Interessierten die M\u00f6glichkeit bietet, Pflanzenreichtum und Pflanzenvielfalt eines einstmals dichten regengr\u00fcnen Trockenwaldes sehen und studieren zu k\u00f6nnen.<\/p>\n<p>Das Gebiet um Ondangwa ist weitgehend devastiert. Es existieren dort nur noch einzeln stehende B\u00e4ume und vor allem die j\u00fcngere Bev\u00f6lkerung der Gegend kennt geschlossene W\u00e4lder nicht mehr. Deswegen wird der Waldlehrpfad im Arboretum regelm\u00e4\u00dfig von zahlreichen Schulklassen besucht und dient Lehrern sowie Sch\u00fclern zu Schulungszwecken. Dar\u00fcber hinaus nutzen wir das Arboretum zur Ausbildung unserer Mitarbeiter sowie f\u00fcr wissenschaftliche Studien zur Wiedergewinnung eines dichten regengr\u00fcnen Trockenwaldes in Namibia.<\/p>\n<p>Als gemeinn\u00fctzige Umweltorganisation sind wir beim Erhalt und dem weiteren Ausbau des Arboretums auf Spenden angewiesen. Sie k\u00f6nnen das Arboretum mit Baumpatenschaften unterst\u00fctzen. Es sind einheimische Arbeiter\/innen mit der sorgsamen Pflanzung, Aufzucht und Pflege der B\u00e4ume und Str\u00e4ucher betraut, die wir f\u00fcr Sie pflanzen.<\/p>\n<p>Mit dem Erwerb von Baumpatenschaften k\u00f6nnen Sie Pflanzung, Aufzucht und Pflege von wertvollen exotischen B\u00e4umen oder Str\u00e4uchern im Arboretum in Ondangwa sichern, damit den nachfolgenden Generationen die Vielfalt und der Reichtum der Pflanzenwelt eines einstmals dichten regengr\u00fcnen Trockenwaldes in Namibia erhalten bleibt.<\/p>\n<p>Wenn Sie eine Baumpatenschaft erwerben, erhalten Sie eine Baumpatenurkunde mit Bild und Beschreibung der gepflanzten Baum\/Strauchart zugesandt. Wenn Sie mit einer Baumpatenschaft das besondere Geschenk machen m\u00f6chten, senden\u00a0wir die Urkunde direkt aus Namibia an jeden gew\u00fcnschten Empf\u00e4nger weltweit.[\/vc_column_text][\/vc_column][vc_column width=&#8220;1\/3&#8243;][vc_gallery type=&#8220;image_grid&#8220; images=&#8220;1473,1475,1476&#8243; img_size=&#8220;medium&#8220;][\/vc_column][\/vc_row]<\/p>\n","protected":false},"excerpt":{"rendered":"<p>[vc_row][vc_column width=&#8220;2\/3&#8243;][vc_column_text]Ein Arboretum (lat. arbor &#8222;Baum&#8220;) ist eine Sammlung verschiedenartiger, oft auch exotischer Geh\u00f6lze, die nicht in Pflanzgef\u00e4\u00dfen wachsen. Ein Arboretum kann beispielsweise ein botanischer Garten sein, in dem haupts\u00e4chlich B\u00e4ume und Str\u00e4ucher angepflanzt werden. Man spricht von einem &#8222;Fruticetum&#8220;, wenn nur Str\u00e4ucher angepflanzt werden. Werden in einem Arboretum nur Nadelgeh\u00f6lze angepflanzt, nennt man diese [&hellip;]<\/p>\n","protected":false},"author":2,"featured_media":0,"parent":0,"menu_order":0,"comment_status":"open","ping_status":"open","template":"","meta":{"footnotes":""},"class_list":["post-550","page","type-page","status-publish","hentry"],"_links":{"self":[{"href":"https:\/\/baeume.de\/de\/wp-json\/wp\/v2\/pages\/550","targetHints":{"allow":["GET"]}}],"collection":[{"href":"https:\/\/baeume.de\/de\/wp-json\/wp\/v2\/pages"}],"about":[{"href":"https:\/\/baeume.de\/de\/wp-json\/wp\/v2\/types\/page"}],"author":[{"embeddable":true,"href":"https:\/\/baeume.de\/de\/wp-json\/wp\/v2\/users\/2"}],"replies":[{"embeddable":true,"href":"https:\/\/baeume.de\/de\/wp-json\/wp\/v2\/comments?post=550"}],"version-history":[{"count":0,"href":"https:\/\/baeume.de\/de\/wp-json\/wp\/v2\/pages\/550\/revisions"}],"wp:attachment":[{"href":"https:\/\/baeume.de\/de\/wp-json\/wp\/v2\/media?parent=550"}],"curies":[{"name":"wp","href":"https:\/\/api.w.org\/{rel}","templated":true}]}}