{"id":553,"date":"2014-12-10T16:46:53","date_gmt":"2014-12-10T14:46:53","guid":{"rendered":"http:\/\/baeume.de\/?page_id=553"},"modified":"2015-12-19T11:34:09","modified_gmt":"2015-12-19T09:34:09","slug":"zweigbaumschulen","status":"publish","type":"page","link":"https:\/\/baeume.de\/de\/zweigbaumschulen","title":{"rendered":"Zweigbaumschulen"},"content":{"rendered":"<p>[vc_row][vc_column width=&#8220;2\/3&#8243;][vc_column_text]<strong>In der Umgebung der Mutterbaumschule Ondangwa wurden mehrere Zweigbaumschulen gegr\u00fcndet, die ein Netzwerk von \u00f6kologischen Inseln bilden. Die Baumschulen werden von Verantwortlichen aus der lokalen Bev\u00f6lkerung gef\u00fchrt. Sie ber\u00fccksichtigen besonders die lokalen Verh\u00e4ltnisse (Bev\u00f6lkerung, Boden, Wasserhaushalt).<\/strong><\/p>\n<p>In den Zweigbaumschulen werden S\u00e4mlinge herangezogen, die f\u00fcr den lokalen Verkauf, aber auch f\u00fcr Gro\u00dfpflanzungen verwendet werden. Damit wird der Transportaufwand verringert und gleichzeitig die Verdichtung von Pflanzungen in der Region erh\u00f6ht.<\/p>\n<p>Das Netz dient der N\u00e4he zur Bev\u00f6lkerung und erh\u00f6ht die Akzeptanz des Projekts. Unser Netzwerk aus kleinen Zweigbaumschulen vermittelt der Bev\u00f6lkerung im Projektgebiet die umfassende Wichtigkeit des \u00d6kosystems Wald, ohne dass daf\u00fcr weite Wege gegangen werden m\u00fcssen.<\/p>\n<h3>Mittlerweile sind folgende Zweigbaumschulen eingerichtet:<\/h3>\n<ul class=\"regular\">\n<li>Eenyuko<\/li>\n<li>Olukonda Museum<\/li>\n<li>Ondangwa K\u00f6nigswald<\/li>\n<\/ul>\n<p>[\/vc_column_text][\/vc_column][vc_column width=&#8220;1\/3&#8243;][vc_gallery type=&#8220;image_grid&#8220; images=&#8220;604,605,606,607&#8243; img_size=&#8220;medium&#8220;][\/vc_column][\/vc_row]<\/p>\n","protected":false},"excerpt":{"rendered":"<p>[vc_row][vc_column width=&#8220;2\/3&#8243;][vc_column_text]In der Umgebung der Mutterbaumschule Ondangwa wurden mehrere Zweigbaumschulen gegr\u00fcndet, die ein Netzwerk von \u00f6kologischen Inseln bilden. Die Baumschulen werden von Verantwortlichen aus der lokalen Bev\u00f6lkerung gef\u00fchrt. Sie ber\u00fccksichtigen besonders die lokalen Verh\u00e4ltnisse (Bev\u00f6lkerung, Boden, Wasserhaushalt). In den Zweigbaumschulen werden S\u00e4mlinge herangezogen, die f\u00fcr den lokalen Verkauf, aber auch f\u00fcr Gro\u00dfpflanzungen verwendet werden. Damit [&hellip;]<\/p>\n","protected":false},"author":2,"featured_media":0,"parent":0,"menu_order":0,"comment_status":"open","ping_status":"open","template":"","meta":{"footnotes":""},"class_list":["post-553","page","type-page","status-publish","hentry"],"_links":{"self":[{"href":"https:\/\/baeume.de\/de\/wp-json\/wp\/v2\/pages\/553","targetHints":{"allow":["GET"]}}],"collection":[{"href":"https:\/\/baeume.de\/de\/wp-json\/wp\/v2\/pages"}],"about":[{"href":"https:\/\/baeume.de\/de\/wp-json\/wp\/v2\/types\/page"}],"author":[{"embeddable":true,"href":"https:\/\/baeume.de\/de\/wp-json\/wp\/v2\/users\/2"}],"replies":[{"embeddable":true,"href":"https:\/\/baeume.de\/de\/wp-json\/wp\/v2\/comments?post=553"}],"version-history":[{"count":0,"href":"https:\/\/baeume.de\/de\/wp-json\/wp\/v2\/pages\/553\/revisions"}],"wp:attachment":[{"href":"https:\/\/baeume.de\/de\/wp-json\/wp\/v2\/media?parent=553"}],"curies":[{"name":"wp","href":"https:\/\/api.w.org\/{rel}","templated":true}]}}