{"id":555,"date":"2014-12-10T16:48:28","date_gmt":"2014-12-10T14:48:28","guid":{"rendered":"http:\/\/baeume.de\/?page_id=555"},"modified":"2015-12-19T12:53:58","modified_gmt":"2015-12-19T10:53:58","slug":"oelwald-mit-jatropha","status":"publish","type":"page","link":"https:\/\/baeume.de\/de\/oelwald-mit-jatropha","title":{"rendered":"\u00d6lwald mit Jatropha"},"content":{"rendered":"<p>[vc_row][vc_column width=&#8220;2\/3&#8243;][vc_column_text]<strong>In einer einzigartigen Versuchsreihe wurde durch die Initiative von B\u00e4ume f\u00fcr Menschen &#8211; Trees for the World<sup>\u00ae<\/sup> die nachhaltige Nutzung der Purgiernuss Jatropha curcas L. im Norden Namibias getestet.<\/strong><\/p>\n<p><strong><em>Jatropha curcas L.<\/em><\/strong> ist eine vielseitig verwendbare Art. Aufgrund ihres hohen \u00d6lgehaltes ist sie besonders f\u00fcr die energetische Nutzung\u00a0als reines Pflanzen\u00f6l bzw. Biodiesel geeignet. Zahlreiche weitere Nutzungen wie z.B. die Produktion von Seife, Verwendung als Brennholz oder als organischer D\u00fcnger, erh\u00f6hen den Wert der Pflanze zus\u00e4tzlich. Desweiteren kann <em>Jatropha curcas L.<\/em> zu Erosionsschutzzwecken eingesetzt werden.<\/p>\n<p>Mit einem gro\u00dffl\u00e4chig angelegten Anbau k\u00f6nnte in vielen Regionen dieser Erde so manches Problem gel\u00f6st werden. Gerade jetzt, im Rahmen der aktuellen Diskussionen \u00fcber Klimawandel und die Reduzierung des CO<sub>2<\/sub>-Aussto\u00dfes, k\u00f6nnte dieser bisher in einer Art Dornr\u00f6schenschlaf schlummernden Allrounderpflanze im s\u00fcdlichen Afrika zu einem langfristigen Durchbruch verholfen werden.<\/p>\n<p>Bereits im Sommer 2006 trat die Umweltorganisation <strong>B\u00e4ume f\u00fcr Menschen &#8211; Trees for the World<sup>\u00ae<\/sup><\/strong> an das Wissenschaftszentrum Weihenstephan (Lehrstuhl f\u00fcr Waldbau) heran, um ein Projekt in Namibia zu forcieren, welches zum Ziel hat, mittels Anbau der Purgriernusspflanzen <em>Jatropha curcas L.<\/em> langfristige Einkommensquellen f\u00fcr die l\u00e4ndliche Bev\u00f6lkerung bei gleichzeitiger Verbesserung der Umweltsituation zu schaffen.<\/p>\n<p>Damals schon stie\u00dfen wir auf gro\u00dfes Interesse, nicht zuletzt deswegen, weil sich unsere Umweltorganisation schon seit 1999 mit einem gro\u00df angelegten Aufforstungsprogramm, dem <a title=\"OGTPP \u2013 Ombuga Grasland Tree Planting Project\" href=\"\/ogtpp-ombuga-grasland-tree-planting-project\/\">OGTPP &#8211; Ombuga Grasland Tree Planting Project<\/a>, in Kooperation mit staatlichen Stellen, Universit\u00e4ten und Wissenschaftlern, erfolgreich in Namibia etabliert hat.<\/p>\n<p>\u00dcber einen Zeitraum von drei Jahren, wurde nun in Zusammenarbeit mit dem Wissenschaftszentrum Weihenstephan, Herrn Dr. Bernd Stimm und PD Dr. Michael Weber vom Lehrstuhl f\u00fcr Waldbau der TU M\u00fcnchen, mit Unterst\u00fctzung der Regierung von Namibia, respektive dem Ministery of Agriculture, Water and Forestry diese Studie realisiert. Die dazu notwendige Fl\u00e4che wurde an bereits bestehenden Aufforstungsgebieten ausgewiesen.<\/p>\n<p>Der Anbau der Jatrophapflanze gilt allgemein als lukrativ, nachhaltig und umweltschonend. Jatrophapflanzen werden im Projektgebiet bereits seit mehreren Jahrzehnten als lebende Z\u00e4une angepflanzt. Dies w\u00e4re eine gute Ausgangssituation zur Gewinnung angepassten Vermehrungsgutes, das auch als Samenbank f\u00fcr S\u00fcdafrika Verwendung finden k\u00f6nnte.<\/p>\n<p>Namibia ist gegenw\u00e4rtig mit vielen Herausforderungen konfrontiert. Als Hauptproblem gelten die hohe Arbeitslosigkeit (ca. 31%), die rasante Bev\u00f6lkerungszunahme, Landflucht und gro\u00dfe Umweltprobleme, wie beispielsweise Bodendegradation und Desertifikation. 35% der Bev\u00f6lkerung leben von weniger als 1 \u20ac pro Tag. Einen Beitrag zur L\u00f6sung dieser Problematik k\u00f6nnte die Etablierung nachhaltiger land- und forstwirtschaftlicher Systeme auf degradierten, derzeit nur wenig produktiv genutzten Fl\u00e4chen darstellen. Wichtige Schritte dazu haben wir mit unserer Mutterbaumschule in Ondangwa bereits realisiert.[\/vc_column_text][\/vc_column][vc_column width=&#8220;1\/3&#8243;][vc_gallery type=&#8220;image_grid&#8220; images=&#8220;599&#8243; img_size=&#8220;medium&#8220;][\/vc_column][\/vc_row]<\/p>\n","protected":false},"excerpt":{"rendered":"<p>[vc_row][vc_column width=&#8220;2\/3&#8243;][vc_column_text]In einer einzigartigen Versuchsreihe wurde durch die Initiative von B\u00e4ume f\u00fcr Menschen &#8211; Trees for the World\u00ae die nachhaltige Nutzung der Purgiernuss Jatropha curcas L. im Norden Namibias getestet. Jatropha curcas L. ist eine vielseitig verwendbare Art. Aufgrund ihres hohen \u00d6lgehaltes ist sie besonders f\u00fcr die energetische Nutzung\u00a0als reines Pflanzen\u00f6l bzw. Biodiesel geeignet. Zahlreiche [&hellip;]<\/p>\n","protected":false},"author":2,"featured_media":0,"parent":0,"menu_order":0,"comment_status":"open","ping_status":"open","template":"","meta":{"footnotes":""},"class_list":["post-555","page","type-page","status-publish","hentry"],"_links":{"self":[{"href":"https:\/\/baeume.de\/de\/wp-json\/wp\/v2\/pages\/555","targetHints":{"allow":["GET"]}}],"collection":[{"href":"https:\/\/baeume.de\/de\/wp-json\/wp\/v2\/pages"}],"about":[{"href":"https:\/\/baeume.de\/de\/wp-json\/wp\/v2\/types\/page"}],"author":[{"embeddable":true,"href":"https:\/\/baeume.de\/de\/wp-json\/wp\/v2\/users\/2"}],"replies":[{"embeddable":true,"href":"https:\/\/baeume.de\/de\/wp-json\/wp\/v2\/comments?post=555"}],"version-history":[{"count":0,"href":"https:\/\/baeume.de\/de\/wp-json\/wp\/v2\/pages\/555\/revisions"}],"wp:attachment":[{"href":"https:\/\/baeume.de\/de\/wp-json\/wp\/v2\/media?parent=555"}],"curies":[{"name":"wp","href":"https:\/\/api.w.org\/{rel}","templated":true}]}}