{"id":557,"date":"2014-12-10T16:50:36","date_gmt":"2014-12-10T14:50:36","guid":{"rendered":"http:\/\/baeume.de\/?page_id=557"},"modified":"2015-12-19T12:21:32","modified_gmt":"2015-12-19T10:21:32","slug":"umweltbildungszentrum","status":"publish","type":"page","link":"https:\/\/baeume.de\/de\/umweltbildungszentrum","title":{"rendered":"Umweltbildungszentrum"},"content":{"rendered":"<p>[vc_row][vc_column width=&#8220;2\/3&#8243;][vc_column_text]<\/p>\n<h2>Gestaltungskompetenz f\u00fcr nachhaltige Entwicklung<\/h2>\n<p><strong>Mit der Errichtung unserer Umweltbildungseinrichtung in Ondangwa\/Namibia leisten wir einen wichtigen Beitrag zur nachhaltigen Verbesserung der Beratung sowie der Aus- und Weiterbildung, insbesondere im Hinblick auf den Aufbau und die nachhaltige Nutzung von \u00d6kosystemen und die genetischen Ressourcen im Projektgebiet. Ein weiterer Beitrag ist, die Bildungschancen der l\u00e4ndlichen Bev\u00f6lkerung im Projektgebiet tiefgreifend zu verbessern. Deshalb haben wir uns eigens f\u00fcr einen Standort im Gebiet mit der h\u00f6chsten Bev\u00f6lkerungsdichte entschieden.<\/strong><\/p>\n<p>Wir sind der Ansicht, dass unser Wissen und Engagement gezielt dort\u00a0eingesetzt werden muss, wo die Armut am gr\u00f6\u00dften ist, um die Lebens- und Einkommenssituation der betroffenen Bev\u00f6lkerung deutlich zu verbessern. Dies geschieht mittels eines Konzepts, das die bestehenden sozialen und \u00f6konomischen Strukturen in die \u00f6kologisch orientierte Arbeit mit einbezieht und zur Integration von Belangen der biologischen Vielfalt beitr\u00e4gt.<\/p>\n<p>Ebenso wird die Bewusstseinsbildung f\u00fcr Umwelt- und Naturschutz der \u00f6rtlichen Bev\u00f6lkerung gef\u00f6rdert. Unsere angestrebten Bildungsma\u00dfnahmen sind langfristige Anstrengungen: Schulen, Lehrkr\u00e4fte und der erzieherische Einfluss der Massenmedien sollen den notwendigen Bewusstseinswandel f\u00f6rdern und ein Gef\u00fchl f\u00fcr die Wichtigkeit des Schutzes der nat\u00fcrlichen Ressourcen vermitteln.<\/p>\n<h3>Das Umweltbildungszentrum<\/h3>\n<p>Bildung f\u00fcr eine nachhaltige Entwicklung kann keine Belehrungs- und Instruktionsp\u00e4dagogik sein und dient nicht nur der Wissensvermittlung. Wir greifen Themen und Probleme des Umwelt- und Naturschutzes im Unterricht auf und f\u00f6rdern dabei in besonderer Weise interdisziplin\u00e4res Wissen und vernetztes Denken, Kreativit\u00e4t und Probleml\u00f6sungslernen. Wir vermitteln Farmerinnen und Farmern, Kleinbauern und Kleinb\u00e4uerinnen, Sch\u00fclerinnen und Sch\u00fclern sowie allen anderen Interessierten in Lernszenarien oder konkreten Projekten die Erfahrung, dass Menschen mit Phantasie, intelligentem Wissen und Teamf\u00e4higkeit in der Lage sind, Herausforderungen und Probleme zu meistern und dazu beitragen k\u00f6nnen, die Umwelt lebenswert zu gestalten. Schule und Unterricht tragen somit dazu bei, Gestaltungskompetenz f\u00fcr nachhaltige Entwicklung zu bilden.<\/p>\n<p>Zuk\u00fcnftig sollen dauerhaft 10 Ausbildungseinheiten mit rund 250 Teilnehmerinnen und Teilnehmern im Umweltbildungszentrum betreut werden. Damit leisten wir unter anderem einen wichtigen Beitrag zum Erhalt und zur Wiederherstellung eines dem typischen Landschaftsbild entsprechenden, nativen Baumbestandes. Aufbau und Pflege von kommunalen und privaten Obst- und Holzplantagen (Orchards &amp; Wood Lots) werden gef\u00f6rdert. Damit wird eine Verbesserung der existentiellen Lebensgrundlage im Hinblick auf die langfristige Ern\u00e4hrungssituation und die Versorgung mit regenerativen Energien erreicht.<\/p>\n<h3>Weiterentwicklung der Selbstorganisation der Dorfgemeinschaften<\/h3>\n<p>Das Umweltbildungszentrum ist ein wichtiger Multiplikator bei der Unterst\u00fctzung und Weiterentwicklung der Selbstorganisation der Dorfgemeinschaften. Es leistet einen wichtigen Beitrag zur nachhaltigen Verbesserung der Einkommenssituation, zur Schaffung von Arbeitspl\u00e4tzen und damit zur Verringerung der Landflucht.<\/p>\n<p>Nur wenige Farmer kennen und praktizieren heute noch eine nachhaltige Fruchtfolge. Ziel des Projektes ist unter anderem, mit Hilfe geeigneter Bildungsprogramme L\u00f6sungen aufzuzeigen, gemeinsam mit den Teilnehmern Strategien zu entwickeln und diese in die Praxis umzusetzen, um so die Situation der Bev\u00f6lkerung im Projektgebiet dauerhaft und nachhaltig zu verbessern.<\/p>\n<h3>Umweltp\u00e4dagogische Veranstaltungen f\u00fcr alle Bev\u00f6lkerungsschichten und Alterstufen<\/h3>\n<p>Das Umweltbildungszentrum beherbergt, neben multifunktionalen Unterrichtsr\u00e4umen, eine modern ausgestattete Umweltbibliothek. Der Gesamtkomplex bietet den Lehrern und Kursteilnehmern eine Vielzahl von Chancen, den Unterricht inhaltlich anspruchsvoll gemeinsam zu gestalten und gleichzeitig flexibel auf Art und Zusammensetzung der Lerngruppe einzugehen. Und das in einem Lern- und Erfahrungsfeld, in dem die Kursteilnehmer ihrem Alter und Kenntnisstand entsprechend behutsam, aber konsequent bewusst ermutigt werden, mit allem Freimut ihre Ideen zur Mitgestaltung des Unterrichts einzubringen, sich aber auch des Stellenwertes dieser Ideen im Gesamtgef\u00fcge des Lernens bewusst werden. Das Konzept des Zentrums umfasst, unter anderem umweltp\u00e4dagogische Veranstaltungen f\u00fcr alle Bev\u00f6lkerungsschichten und Alterstufen.<\/p>\n<h3>Kompetenzzentrum f\u00fcr Umweltp\u00e4dagogik im s\u00fcdlichen Afrika<\/h3>\n<p>Das Haus steht auch anderen Institutionen, Vereinen, Verb\u00e4nden, etc. als Tagungsort zur Verf\u00fcgung, die sich dem Themenbereich <em>Mensch-Natur-Umwelt<\/em> verpflichtet f\u00fchlen. Ziel ist es, nachhaltiges Handeln zu f\u00f6rdern. Dies geschieht durch das Angebot von Veranstaltungen der gesamten Themenbreite des Fachbereichs \u00d6kologie sowie durch die Organisation von <em>Bestellseminaren<\/em>, wobei immer die Praxisn\u00e4he und Umsetzbarkeit im Mittelpunkt stehen. Au\u00dferdem ist das Umweltbildungszentrum Infopool f\u00fcr Fragen, die im Umweltbereich liegen, und dient mit der gut ausgestatteten Umweltbibliothek auch dem Selbststudium, sowie der weiteren Vertiefung von Inhalten, die in den Vortr\u00e4gen und Seminaren behandelt wurden.<\/p>\n<h3>H\u00f6chste Effizienz bei sparsamsten Ressourceneinsatz<\/h3>\n<p>Im Mittelpunkt der Planung der Anzuchtquartiere der Baumschule steht eine moderne und umweltschonende Baumschultechnik, welche anschaulich die M\u00f6glichkeiten einer, an spezielle Umwelt- und Standortbedingungen angepassten Baumschule, aufzeigt. H\u00f6chste Effizienz bei sparsamsten Ressourceneinsatz war da der Hauptaspekt der Planungen. Hier wird zuk\u00fcnftig die fachliche Qualifizierung der Kursteilnehmer durch angeleitete praktische Arbeit stattfinden, wie auch der Fachkundeunterricht zu den Themen, Anzucht, Vermehrung, Veredelung, Geh\u00f6lzschnitt, Pflanzenkunde und \u00f6kologischer Gartenbau. Die Baumschule wird eine Produktionskapazit\u00e4t von 200.000 B\u00e4umen pro Jahr erreichen und auf bereits gesicherten Fl\u00e4chen aufforsten.[\/vc_column_text][\/vc_column][vc_column width=&#8220;1\/3&#8243;][vc_gallery type=&#8220;image_grid&#8220; images=&#8220;1342,1435,1436&#8243; img_size=&#8220;medium&#8220;][\/vc_column][\/vc_row]<\/p>\n","protected":false},"excerpt":{"rendered":"<p>[vc_row][vc_column width=&#8220;2\/3&#8243;][vc_column_text] Gestaltungskompetenz f\u00fcr nachhaltige Entwicklung Mit der Errichtung unserer Umweltbildungseinrichtung in Ondangwa\/Namibia leisten wir einen wichtigen Beitrag zur nachhaltigen Verbesserung der Beratung sowie der Aus- und Weiterbildung, insbesondere im Hinblick auf den Aufbau und die nachhaltige Nutzung von \u00d6kosystemen und die genetischen Ressourcen im Projektgebiet. Ein weiterer Beitrag ist, die Bildungschancen der l\u00e4ndlichen Bev\u00f6lkerung [&hellip;]<\/p>\n","protected":false},"author":2,"featured_media":0,"parent":0,"menu_order":0,"comment_status":"open","ping_status":"open","template":"","meta":{"footnotes":""},"class_list":["post-557","page","type-page","status-publish","hentry"],"_links":{"self":[{"href":"https:\/\/baeume.de\/de\/wp-json\/wp\/v2\/pages\/557","targetHints":{"allow":["GET"]}}],"collection":[{"href":"https:\/\/baeume.de\/de\/wp-json\/wp\/v2\/pages"}],"about":[{"href":"https:\/\/baeume.de\/de\/wp-json\/wp\/v2\/types\/page"}],"author":[{"embeddable":true,"href":"https:\/\/baeume.de\/de\/wp-json\/wp\/v2\/users\/2"}],"replies":[{"embeddable":true,"href":"https:\/\/baeume.de\/de\/wp-json\/wp\/v2\/comments?post=557"}],"version-history":[{"count":0,"href":"https:\/\/baeume.de\/de\/wp-json\/wp\/v2\/pages\/557\/revisions"}],"wp:attachment":[{"href":"https:\/\/baeume.de\/de\/wp-json\/wp\/v2\/media?parent=557"}],"curies":[{"name":"wp","href":"https:\/\/api.w.org\/{rel}","templated":true}]}}