{"id":583,"date":"2014-12-24T00:27:30","date_gmt":"2014-12-23T22:27:30","guid":{"rendered":"http:\/\/baeume.de\/?page_id=583"},"modified":"2015-12-19T11:28:24","modified_gmt":"2015-12-19T09:28:24","slug":"mutterbaumschule","status":"publish","type":"page","link":"https:\/\/baeume.de\/de\/mutterbaumschule","title":{"rendered":"Mutterbaumschule"},"content":{"rendered":"<p>[vc_row][vc_column width=&#8220;2\/3&#8243;][vc_column_text]<strong>Die Mutterbaumschule von B\u00e4ume f\u00fcr Menschen \u2013 Trees for the World<sup>\u00ae<\/sup> wurde im Jahr 1999 auf einem 5 ha gro\u00dfen Areal im Stadtgebiet von Ondangwa, als Basisstation zur optimalen Anzucht und Vermehrung von S\u00e4mlingen und Gr\u00fcndung einer Samenbank, aufgebaut.<\/strong><\/p>\n<p>Der Projektort Ondangwa liegt in der Region Oshana, mit der Provinzhauptstadt Oshakati als administratives und \u00f6konomisches Zentrum. Der Aktionsradius des Projekts erstreckt sich weiterhin auf die Regionen Ohangwena und Oshikoto. Das Gebiet ist, mit einem Anteil von 10% der Gesamtbev\u00f6lkerung, eines der am dichtest besiedelten in Namibia.<\/p>\n<p>Die Leitung der Mutterbaumschule ist in der Hand von namibischen Arbeiter\/innen. Sie hat die Rechtsform einer \u201cExternal Company\u201d mit der Registration no. of Company F\/99\/1809 (Es gibt kein Register spezifisch f\u00fcr gemeinn\u00fctzige Gesellschaften oder Vereine in Namibia. Gesellschaften werden in dem Companies Register eingetragen, und k\u00f6nnen gem\u00e4\u00df ihrer jeweiligen Statuten gemeinn\u00fctzig oder nicht gemeinn\u00fctzig sein).<\/p>\n<p>Die B\u00e4ume f\u00fcr Menschen &#8211; Trees for the World<sup>\u00ae<\/sup> Mutterbaumschule Namibia ist gemeinn\u00fctzig. Die Statuten sind im namibischen Handelsregister eingetragen.<\/p>\n<h3>Die Grunds\u00e4tze unserer Baumschule sind:<\/h3>\n<ul class=\"regular\">\n<li>Unsere Projektentwicklung erfolgt unter aktiver Mitwirkung der einheimischen Bev\u00f6lkerung und in engster Zusammenarbeit mit f\u00fchrenden Forschungseinrichtungen (Universit\u00e4t Namibia, Landwirtschaftsschule Ogongo, Universit\u00e4t G\u00f6ttingen, Universit\u00e4t Hohenheim, technische Universit\u00e4t M\u00fcnchen Weihenstephan, Institut f\u00fcr Weltforstwirtschaft Hamburg) sowie Organisationen der Entwicklungszusammenarbeit.<\/li>\n<li>Die unmittelbare Verbesserung und nachhaltige Sicherung der\u00a0 Lebens- und Ern\u00e4hrungssituation der\u00a0 Bev\u00f6lkerung im Projektgebiet hat Priorit\u00e4t.<\/li>\n<li>Gleichzeitig versuchen wir mit unserem Wirken, die globale \u00f6kologische Situation zu entsch\u00e4rfen.<\/li>\n<li>Darauf begr\u00fcnden sich zielgerichtete Strategien, die wirtschaftliches Management und kulturelle und ethnische Werte sinnvoll miteinander verbinden.<\/li>\n<li>Umweltbildung in den Projektregionen (Ausbildung von Informationstr\u00e4gern, die an der Basis eingesetzt werden. Es finden Trainings-, Aus- und Weiterbildungsma\u00dfnahmen zur Erhaltung tropischer Waldressourcen f\u00fcr zuk\u00fcnftige Mitarbeiter statt. Weiterhin werden Feldarbeiter ausgebildet sowie F\u00f6rster und Ranger fortgebildet.)<\/li>\n<li>Errichtung von Netzwerken kleiner regionaler Baumschulen und deren Vernetzung.<\/li>\n<li>Wiederaufforstungsma\u00dfnahmen in besonders exponierten, degradierten Gebieten\u00a0(Wohlfahrtsw\u00e4lder, geregelte Waldnutzung, agroforstwirtschaftliche\u00a0 Systeme).<\/li>\n<li>Langfristiges Ziel ist es, das \u00dcberleben der trockenen Savannenw\u00e4lder durch die F\u00f6rderung einer widerstandsf\u00e4higen Vegetationsstruktur sicherzustellen. Erforderlich ist eine Zusammenstellung und Wiederaufforstung der Spezies, die auch den Nutzen der Ressourcen des Waldlandes erlauben, sowie weiterer Auslichtung, Versteppung und der daraus folgenden Verw\u00fcstung und Erosion vorbeugen.<\/li>\n<li>Der gesamte \u00f6kologische und wirtschaftliche Nutzen des Projektes wird erst f\u00fcr die kommenden Generationen voll ersichtlich sein. Das namibische Pilotprojekt ist richtungs- und zukunftsweisend auch f\u00fcr andere betroffene L\u00e4nder.<\/li>\n<\/ul>\n<p>[\/vc_column_text][\/vc_column][vc_column width=&#8220;1\/3&#8243;][vc_gallery type=&#8220;image_grid&#8220; images=&#8220;587,588,589,590,591,592&#8243; img_size=&#8220;medium&#8220; css=&#8220;.vc_custom_1450517121347{padding-right: 5px !important;padding-left: 5px !important;}&#8220;][\/vc_column][\/vc_row]<\/p>\n","protected":false},"excerpt":{"rendered":"<p>[vc_row][vc_column width=&#8220;2\/3&#8243;][vc_column_text]Die Mutterbaumschule von B\u00e4ume f\u00fcr Menschen \u2013 Trees for the World\u00ae wurde im Jahr 1999 auf einem 5 ha gro\u00dfen Areal im Stadtgebiet von Ondangwa, als Basisstation zur optimalen Anzucht und Vermehrung von S\u00e4mlingen und Gr\u00fcndung einer Samenbank, aufgebaut. Der Projektort Ondangwa liegt in der Region Oshana, mit der Provinzhauptstadt Oshakati als administratives und [&hellip;]<\/p>\n","protected":false},"author":2,"featured_media":0,"parent":0,"menu_order":0,"comment_status":"open","ping_status":"open","template":"","meta":{"footnotes":""},"class_list":["post-583","page","type-page","status-publish","hentry"],"_links":{"self":[{"href":"https:\/\/baeume.de\/de\/wp-json\/wp\/v2\/pages\/583","targetHints":{"allow":["GET"]}}],"collection":[{"href":"https:\/\/baeume.de\/de\/wp-json\/wp\/v2\/pages"}],"about":[{"href":"https:\/\/baeume.de\/de\/wp-json\/wp\/v2\/types\/page"}],"author":[{"embeddable":true,"href":"https:\/\/baeume.de\/de\/wp-json\/wp\/v2\/users\/2"}],"replies":[{"embeddable":true,"href":"https:\/\/baeume.de\/de\/wp-json\/wp\/v2\/comments?post=583"}],"version-history":[{"count":0,"href":"https:\/\/baeume.de\/de\/wp-json\/wp\/v2\/pages\/583\/revisions"}],"wp:attachment":[{"href":"https:\/\/baeume.de\/de\/wp-json\/wp\/v2\/media?parent=583"}],"curies":[{"name":"wp","href":"https:\/\/api.w.org\/{rel}","templated":true}]}}