{"id":663,"date":"2015-01-20T13:17:43","date_gmt":"2015-01-20T11:17:43","guid":{"rendered":"http:\/\/baeume.de\/?page_id=663"},"modified":"2019-10-25T14:25:30","modified_gmt":"2019-10-25T12:25:30","slug":"datenschutz","status":"publish","type":"page","link":"https:\/\/baeume.de\/de\/datenschutz","title":{"rendered":"Datenschutz"},"content":{"rendered":"<p>[vc_row][vc_column width=&#8220;1\/2&#8243;][vc_column_text]<\/p>\n<h3>Allgemeine Hinweise<\/h3>\n<p>Der Betreiber dieser Website nimmt den Schutz Ihrer personenbezogenen Daten sehr ernst. Personenbezogene Daten sind alle Daten, mit denen Sie pers\u00f6nlich identifiziert werden k\u00f6nnen. Wir behandeln Ihre pers\u00f6nlichen Nutzungsdaten vertraulich und entsprechend der gesetzlichen Datenschutzvorschriften sowie dieser Datenschutzerkl\u00e4rung. Die folgenden Hinweise geben einen einfachen \u00dcberblick dar\u00fcber, was mit Ihren personenbezogenen Daten passiert, wenn Sie unsere Website besuchen. Sollten aus unserem Angebot \u00fcber Verweise (Hyperlinks) Angebote Dritter erreichbar sein, so betrifft dieser Hinweis diese verlinkten Angebote nicht.<\/p>\n<p>Die Nutzung unserer Website ist im Regelfall ohne eine Angabe von personenbezogenen Daten m\u00f6glich. F\u00fcr die Nutzung einzelner Services unserer Seite k\u00f6nnen sich hierf\u00fcr abweichende Regelungen ergeben, die in diesem Falle nachstehend gesondert erl\u00e4utert werden. Diese Daten werden von uns verwendet, um eine fehlerfreie Bereitstellung der Website zu gew\u00e4hrleisten sowie unseren Service f\u00fcr Sie so angenehm wie m\u00f6glich zu gestalten und zu verbessern.<\/p>\n<p>Soweit auf unseren Seiten personenbezogene Daten (beispielsweise Name, Anschrift, Telefonnummer, E-Mail, u.\u00e4.) erhoben werden, erfolgt dies, soweit m\u00f6glich, stets auf freiwilliger Basis. Wenn Sie sich entschlie\u00dfen uns pers\u00f6nliche Daten \u00fcber das Internet zu \u00fcberlassen, damit z.B. Korrespondenz abgewickelt oder eine Bestellung ausgef\u00fchrt werden kann, so wird mit diesen Daten nach den strengen Regelungen der Bestimmungen des deutschen Datenschutzrechts sorgf\u00e4ltig umgegangen und diese werden ohne Ihre ausdr\u00fcckliche Zustimmung nicht an Dritte weitergegeben. Die bei uns gespeicherten Daten werden gel\u00f6scht, sobald sie f\u00fcr ihre Zweckbestimmung nicht mehr erforderlich sind und der L\u00f6schung keine gesetzlichen Aufbewahrungspflichten entgegenstehen.<\/p>\n<p>Wir weisen ausdr\u00fccklich darauf hin, dass die Daten\u00fcbertragung im Internet (z.B. bei der Kommunikation per E-Mail) Sicherheitsl\u00fccken aufweist. Ein l\u00fcckenloser Schutz der Daten vor Zugriffen durch Dritte ist somit nicht m\u00f6glich.<\/p>\n<h3>Hinweis zur verantwortlichen Stelle<\/h3>\n<p>Die verantwortliche Stelle f\u00fcr die Datenverarbeitung auf dieser Website ist:<\/p>\n<p>Gottfried Brenner<br \/>\nAngerkapellenstra\u00dfe 5<br \/>\n82362 Weilheim<\/p>\n<p>Telefon: +49 (0)881 \/ 8001<br \/>\nE-Mail: <a href=\"mailto:info@baeume.de\">info@baeume.de<\/a><\/p>\n<p>Verantwortliche Stelle ist die nat\u00fcrliche oder juristische Person, die alleine oder gemeinsam mit anderen \u00fcber die Zwecke und Mittel der Verarbeitung von personenbezogenen Daten (z.B. Namen, E-Mail-Adressen o. \u00c4.) entscheidet.<\/p>\n<h3>Recht auf Auskunft, Berichtigung, Widerruf, Sperrung und L\u00f6schung<\/h3>\n<p>Sie haben jederzeit das Recht auf unentgeltliche Auskunft \u00fcber die Erhebung, Verarbeitung oder Zweck der Datenverarbeitung Ihrer gespeicherten personenbezogenen Daten sowie ein Recht auf Berichtigung, Sperrung oder L\u00f6schung dieser Daten, sollte diesem Anspruch keine gesetzliche Aufbewahrungspflicht entgegenstehen. Dazu reicht eine formlose Mitteilung per E-Mail an uns oder Sie k\u00f6nnen \u00fcber folgende Links Ihre pers\u00f6nlichen Daten anfordern, bzw. l\u00f6schen:<\/p>\n<ul>\n<li>&#8211; <a href=\"https:\/\/baeume.de\/de\/datenschutz\/dsgvo-persoenliche-daten-anfordern\" target=\"\">DSGVO &#8211; pers\u00f6nliche Daten anfordern<\/a><\/li>\n<li>&#8211; <a href=\"https:\/\/baeume.de\/de\/datenschutz\/dsgvo-persoenliche-daten-loeschen\" target=\"\">DSGVO &#8211; pers\u00f6nliche Daten l\u00f6schen<\/a><\/li>\n<\/ul>\n<p>Bitte haben Sie Verst\u00e4ndnis daf\u00fcr, dass im Falle des Widerrufs der personalisierte Service nicht mehr erbracht werden kann, da er auf der Verwendung der Kundendaten aufbaut.<\/p>\n<p>Zu allen Fragen zum Thema personenbezogene Daten k\u00f6nnen Sie sich jederzeit unter der im Impressum angegebenen Adresse an uns wenden.<\/p>\n<h3>Recht auf Daten\u00fcbertragbarkeit<\/h3>\n<p>Sie haben das Recht, Daten, die wir auf Grundlage Ihrer Einwilligung oder in Erf\u00fcllung eines Vertrags automatisiert verarbeiten, an sich oder an einen Dritten in einem g\u00e4ngigen, maschinenlesbaren Format aush\u00e4ndigen zu lassen. Sofern Sie die direkte Daten\u00fcbertragung an einen anderen Verantwortlichen verlangen, erfolgt dies nur, soweit es technisch machbar ist.<\/p>\n<h3>Beschwerderecht bei der zust\u00e4ndigen Aufsichtsbeh\u00f6rde<\/h3>\n<p>Wenn Sie glauben, dass die Verarbeitung Ihrer Daten gegen das Datenschutzrecht verst\u00f6\u00dft oder Ihre datenschutzrechtlichen Anspr\u00fcche sonst in einer Weise verletzt worden sind, k\u00f6nnen Sie sich bei der zust\u00e4ndigen Aufsichtsbeh\u00f6rde beschweren. Zust\u00e4ndige Aufsichtsbeh\u00f6rde in datenschutzrechtlichen Fragen ist der Landesdatenschutzbeauftragte des Bundeslandes, in dem unser Unternehmen seinen Sitz hat. Eine Liste der Datenschutzbeauftragten sowie deren Kontaktdaten k\u00f6nnen Sie folgendem Link entnehmen: <a href=\"https:\/\/www.bfdi.bund.de\/DE\/Infothek\/Anschriften_Links\/anschriften_links-node.html\" target=\"_blank\" rel=\"noopener\">https:\/\/www.bfdi.bund.de\/DE\/Infothek\/Anschriften_Links\/anschriften_links-node.html<\/a>.<\/p>\n<h3>Sicherheit<\/h3>\n<p>Ihre Daten sind durch technische und organisatorische Ma\u00dfnahmen vor unbefugter Verarbeitung, Zerst\u00f6rung, Ver\u00e4nderung oder Verlust gesch\u00fctzt. Zu diesem Zweck speichert der Seitenbetreiber Ihre Daten auf besonders gesch\u00fctzten Servern. Der Zugriff darauf ist nur wenigen, vom Seitenbetreiber befugten Personen m\u00f6glich, die mit der technischen, kaufm\u00e4nnischen oder redaktionellen Betreuung dieser Server befasst sind.<\/p>\n<h3>SSL-Verschl\u00fcsselung<\/h3>\n<p>Aus Gr\u00fcnden der Sicherheit und zum Schutz der \u00dcbertragung vertraulicher Daten, wie zum Beispiel Bestellungen oder Anfragen, die Sie an uns als Seitenbetreiber \u00fcbermitteln, nutzt diese Website eine SSL-Verschl\u00fcsselung. Eine verschl\u00fcsselte Verbindung erkennen Sie an dem Schloss-Symbol vor der Adresszeile und daran, dass in der Adresszeile des Browsers am Anfang &#8222;https:\/\/&#8220; statt &#8222;http:\/\/&#8220; steht. Bei aktivierter SSL-Verschl\u00fcsselung, k\u00f6nnen die Daten, die Sie an uns \u00fcbermitteln, nicht von Dritten mitgelesen werden.<\/p>\n<h3>Cookies<\/h3>\n<p>Wir verwenden auf unserer Internetseite teilweise sog. Cookies. Das sind kleine Textdateien die vom Server an Ihren Internet-Browser gesandt werden und zeitlich begrenzt auf Ihrem Endger\u00e4t gespeichert werden. Cookies enthalten keine Viren und richten auf Ihrem Endger\u00e4t keinen Schaden an. Sie enthalten keine Daten zur Ihrer Person und erm\u00f6glichen uns eine Analyse Ihrer Benutzung unserer Internet-Pr\u00e4senz um unser Angebot benutzerfreundlicher, effektiver und sicherer zu machen.<\/p>\n<p>Meistens handelt es sich dabei um sog. \u201eSession-Cookies\u201c, die nach Ende Ihres Besuchs automatisch gel\u00f6scht werden. Andere Cookies bleiben auf Ihrem Endger\u00e4t gespeichert, bis Sie diese l\u00f6schen. Diese Cookies erm\u00f6glichen es uns, Ihren Internet-Browser beim n\u00e4chsten Besuch unserer Website automatisch wiederzuerkennen.<\/p>\n<p>Cookies, die zur Durchf\u00fchrung des elektronischen Kommunikationsvorgangs oder zur Bereitstellung bestimmter, von Ihnen erw\u00fcnschter Funktionen (z.B. Kommentarfunktion, Warenkorbfunktion, usw.) erforderlich sind, werden entsprechend Art. 6 Abs. 1 lit. f DSGVO gespeichert. Wir haben ein berechtigtes Interesse an der Speicherung von Cookies zur technisch fehlerfreien und optimierten Bereitstellung unserer Dienste. Soweit andere Cookies (z.B. Cookies zur Analyse Ihres Surfverhaltens) gespeichert werden, werden diese in dieser Datenschutzerkl\u00e4rung gesondert behandelt.<\/p>\n<p>Sie k\u00f6nnen Ihren Internet-Browser so einstellen, dass die Installation von Cookies verhindert wird sowie das automatische L\u00f6schen der Cookies beim Schlie\u00dfen des Browsers aktivieren. Wir weisen Sie jedoch darauf hin, dass durch die Deaktivierung von Cookies die Funktionalit\u00e4t dieser Website eingeschr\u00e4nkt sein kann.<\/p>\n<h3>Server-Log-Dateien<\/h3>\n<p>Bei jedem Besuch unserer Internetpr\u00e4senz erhebt und speichert unser Webspace-Provider aus technischen Gr\u00fcnden in sog. Server-Log-Dateien automatisch Informationen, die Ihr Internet-Browser automatisch an uns \u00fcbermittelt. Dies sind:<\/p>\n<ul>\n<li>\u00a0&#8211; Browsertyp und Browserversion<\/li>\n<li>\u00a0&#8211; Verwendetes Betriebssystem<\/li>\n<li>\u00a0&#8211; Webseite, von der aus Sie uns besuchen (Referrer URL)<\/li>\n<li>\u00a0&#8211; Webseite, die Sie besuchen<\/li>\n<li>\u00a0&#8211; Hostname des zugreifenden Rechners<\/li>\n<li>\u00a0&#8211; Datum und Uhrzeit der Serveranfrage<\/li>\n<li>\u00a0&#8211; Verweildauer des Nutzers<\/li>\n<li>\u00a0&#8211; IP-Adresse des Nutzers<\/li>\n<\/ul>\n<p>Diese Daten sind anonym, werden getrennt von Ihren eventuell angegebenen personenbezogenen Daten gespeichert und k\u00f6nnen somit nicht einer bestimmten Person zugeordnet werden. Sie werden zu statistischen Zwecken ausgewertet, um unseren Internetauftritt technisch zu optimieren. Grundlage f\u00fcr diese Datenverarbeitung ist Art. 6 Abs. 1 lit. b DSGVO, der die Verarbeitung von Daten zur Erf\u00fcllung eines Vertrags oder vorvertraglicher Ma\u00dfnahmen gestattet. Wir behalten uns vor, diese Daten nachtr\u00e4glich zu pr\u00fcfen, wenn uns konkrete Anhaltspunkte f\u00fcr eine rechtswidrige Nutzung bekannt werden.<\/p>\n<p>Weitere Speicherungen personenbezogener Daten erfolgen nur, wenn Sie diese uns gegen\u00fcber ausdr\u00fccklich als gew\u00fcnscht mitteilen. Entsprechende Angaben k\u00f6nnen Sie beispielsweise im Rahmen von Informationsanfragen und Preisausschreiben an uns senden.<\/p>\n<h3>Online-Formulare<\/h3>\n<p>Wenn Sie per E-Mail oder \u00fcber unsere Online-Formulare mit uns in Verbindung treten, werden die von Ihnen gemachten Angaben, inklusive der von Ihnen dort angegebenen Kontaktdaten, zwecks Bearbeitung der Anfrage und f\u00fcr den Fall von Anschlussfragen bei uns gespeichert. Diese Daten werden nicht ohne Ihre Einwilligung an Dritte weitergegeben. Ein Abgleich dieser Daten mit Daten, die m\u00f6glicherweise auf andere Weise auf unserer Seite erhoben werden, erfolgt ebenfalls nicht.<\/p>\n<p>Die Verarbeitung der in die Online-Formulare eingegebenen Daten erfolgt somit ausschlie\u00dflich auf Grundlage Ihrer Einwilligung (Art. 6 Abs. 1 lit. a DSGVO). Diese Einwilligung k\u00f6nnen Sie jederzeit widerrufen. Dazu reicht eine formlose Mitteilung per E-Mail an uns. Die Rechtm\u00e4\u00dfigkeit der bis zum Widerruf erfolgten Datenverarbeitungsvorg\u00e4nge bleibt vom Widerruf unber\u00fchrt.<\/p>\n<p>Die von Ihnen im Kontaktformular eingegebenen Daten verbleiben bei uns, bis Sie uns zur L\u00f6schung auffordern oder Ihre Einwilligung zur Speicherung widerrufen, sollte diesem Anspruch keine gesetzliche Aufbewahrungspflicht entgegenstehen. Daten, die f\u00fcr eine Auftragsabwicklung bzw. zu kaufm\u00e4nnischen Zwecken zwingend erforderlich sind, sind von einer K\u00fcndigung bzw. von einer L\u00f6schung nicht ber\u00fchrt.<\/p>\n<h3>Ver\u00f6ffentlichung von Stellenanzeigen \/ Online-Stellenbewerbungen<\/h3>\n<p>Zur Abwicklung des Bewerbungsverfahrens werden Ihre Bewerbungsdaten von uns elektronisch erhoben und verarbeitet. Bei Abschluss eines Anstellungsvertrages k\u00f6nnen Ihre \u00fcbermittelten Daten, im Zuge des \u00fcblichen Organisations- und Verwaltungsprozesses, unter Beachtung der entsprechenden rechtlichen Vorschriften, von uns in Ihrer Personalakte gespeichert werden.<\/p>\n<p>Im Falle der Zur\u00fcckweisung Ihrer Stellenbewerbung, erfolgt die L\u00f6schung der von Ihnen \u00fcbermittelten Daten automatisch zwei Monate nach Bekanntgabe der Zur\u00fcckweisung. Dies gilt nicht, wenn aufgrund gesetzlicher Erfordernisse (beispielsweise der Beweispflicht nach dem Allgemeinen Gleichbehandlungsgesetz) eine l\u00e4ngere Speicherung notwendig ist oder wenn Sie einer l\u00e4ngeren Speicherung in unserer Interessenten-Datenbank ausdr\u00fccklich zugestimmt haben.[\/vc_column_text][\/vc_column][vc_column width=&#8220;1\/2&#8243;][vc_column_text]<\/p>\n<h3>Widerspruch Werbe-Mails<\/h3>\n<p>Der Nutzung von im Rahmen der Impressumspflicht ver\u00f6ffentlichten Kontaktdaten durch Dritte zur \u00dcbersendung von nicht ausdr\u00fccklich angeforderter Werbung und Informationsmaterialien wird hiermit ausdr\u00fccklich widersprochen. Der Betreiber der Seiten beh\u00e4lt sich ausdr\u00fccklich rechtliche Schritte im Falle der unverlangten Zusendung von Werbeinformationen, etwa durch Spam-Mails, vor.<\/p>\n<h3>Einbindung von Diensten und Inhalten Dritter<\/h3>\n<p>Es kann vorkommen, dass innerhalb dieses Onlineangebotes Inhalte Dritter, wie zum Beispiel Grafiken, Schriftarten oder Videos von anderen Websites eingebunden werden. Dies setzt immer voraus, dass die Anbieter dieser Inhalte (nachfolgend bezeichnet als &#8222;Dritt-Anbieter&#8220;) die IP-Adresse der Nutzer wahrnehmen. Denn ohne die IP-Adresse, k\u00f6nnten sie die Inhalte nicht an den Browser des jeweiligen Nutzers senden. Die IP-Adresse ist damit f\u00fcr die Darstellung dieser Inhalte erforderlich. Wir bem\u00fchen uns nur solche Inhalte zu verwenden, deren jeweilige Anbieter die IP-Adresse lediglich zur Auslieferung der Inhalte verwenden. Jedoch haben wir keinen Einfluss darauf, falls die Dritt-Anbieter die IP-Adresse z.B. f\u00fcr statistische Zwecke speichern. Soweit dies uns bekannt ist, kl\u00e4ren wir die Nutzer dar\u00fcber auf.<\/p>\n<p>Die Nutzung von Diensten und Inhalten Dritter erfolgt auf Grundlage unserer berechtigten Interessen (d.h. Interesse an der Analyse, Optimierung und wirtschaftlichem Betrieb unseres Onlineangebotes) im Sinne von Art. 6 Abs. 1 lit. f DSGVO.<\/p>\n<p>Die nachfolgende Darstellung bietet eine \u00dcbersicht von Drittanbietern sowie ihrer Inhalte und Links zu deren Datenschutzerkl\u00e4rungen, welche weitere Hinweise zur Verarbeitung von Daten und Widerspruchsm\u00f6glichkeiten (sog. Opt-Out) enthalten.<\/p>\n<h3>Einsatz von Social-Media-Buttons mit Shariff<\/h3>\n<p>Wir setzen auf unserer Webseite das c&#8217;t-Projekt Shariff ein. Shariff ersetzt die \u00fcblichen Share-Buttons der Sozialen Netzwerke und sch\u00fctzt hierdurch das Surf-Verhalten<\/p>\n<p>Shariff bindet diese Share-Buttons der Sozialen Netzwerke auf unserer Webseite lediglich als Grafik ein, die eine Verlinkung auf das entsprechende Soziale Netzwerk enth\u00e4lt. Durch einen Klick auf die entsprechende Grafik werden Sie zu dem Dienste des jeweiligen Netzwerks weitergeleitet. Der Shariff-Button stellt den direkten Kontakt zwischen Sozialen Netzwerk und unseren Besuchern erst dann her, wenn der Besucher aktiv auf den Share-Button klickt, bzw. erst dann werden Ihre Daten an das jeweilige Soziale Netzwerk \u00fcbermittelt. Wird der Shariff-Button hingegen nicht angeklickt, findet keinerlei Austausch zwischen Ihnen und den Sozialen Netzwerken statt. Weitere Informationen \u00fcber das das c&#8217;t-Projekt \u201eShariff\u201c finden Sie unter <a href=\"http:\/\/www.heise.de\/ct\/artikel\/Shariff-Social-Media-Buttons-mit-Datenschutz-2467514.html\" target=\"_blank\" rel=\"noopener\">http:\/\/www.heise.de\/ct\/artikel\/Shariff-Social-Media-Buttons-mit-Datenschutz-2467514.html<\/a><\/p>\n<p>Wir binden auf unserer Website folgende Sozialen Netzwerke mit Shariff ein:<\/p>\n<p>Facebook, Xing, Twitter, Google+, AddThis.<\/p>\n<h3>Einsatz von Google-Maps<\/h3>\n<p>Wir setzen auf unserer die Komponente &#8222;Google Maps&#8220; der Firma Google Ireland Limited, Gordon House, 4 Barrow Street, Dublin, D04 E5W5, Irland, nachfolgend \u201eGoogle\u201c, ein. Die Nutzung von Google Maps erfolgt zum Zweck einer ansprechenden Darstellung unserer Online-Angebote und zur leichten Auffindbarkeit der von uns auf der Website angegebenen Orte. Dies stellt ein berechtigtes Interesse im Sinne von Art. 6 Abs. 1 lit. f DSGVO dar.<\/p>\n<p>Bei jedem einzelnen Aufruf der Komponente &#8222;Google Maps&#8220; wird von Google ein Cookie gesetzt, um bei der Anzeige der Seite, auf der die Komponente &#8222;Google Maps&#8220; integriert ist, Nutzereinstellungen und -daten zu verarbeiten. Dieses Cookie wird im Regelfall nicht durch das Schlie\u00dfen des Browsers gel\u00f6scht, sondern l\u00e4uft nach einer bestimmten Zeit ab, soweit es nicht von Ihnen zuvor manuell gel\u00f6scht wird.<\/p>\n<p>Dar\u00fcber hinaus ist es zur Nutzung der Funktionen von Google Maps notwendig, Ihre IP Adresse zu speichern. Diese Informationen werden in der Regel an einen Server von Google \u00fcbertragen und dort gespeichert. Der Anbieter dieser Seite hat keinen Einfluss auf diese Daten\u00fcbertragung.<\/p>\n<p>Wenn Sie mit dieser Verarbeitung Ihrer Daten nicht einverstanden sind, so besteht die M\u00f6glichkeit, den Service von &#8222;Google Maps&#8220; zu deaktivieren und auf diesem Weg die \u00dcbertragung von Daten an Google zu verhindern. Dazu m\u00fcssen Sie die Java-Script-Funktion in Ihrem Browser deaktivieren. Wir weisen Sie jedoch darauf hin, dass Sie in diesem Fall die &#8222;Google Maps&#8220; nicht oder nur eingeschr\u00e4nkt nutzen k\u00f6nnen.<\/p>\n<p>Die Nutzung von &#8222;Google Maps&#8220; und der \u00fcber &#8222;Google Maps&#8220; erlangten Informationen erfolgt gem\u00e4\u00df den Google-Nutzungsbedingungen<\/p>\n<p><a href=\"http:\/\/www.google.de\/intl\/de\/policies\/terms\/regional.html\" target=\"_blank\" rel=\"nofollow noopener\">http:\/\/www.google.de\/intl\/de\/policies\/terms\/regional.html<\/a><\/p>\n<p>sowie der zus\u00e4tzlichen Gesch\u00e4ftsbedingungen f\u00fcr \u201eGoogle Maps\u201c<\/p>\n<p><a href=\"https:\/\/www.google.com\/intl\/de_de\/help\/terms_maps.html\" target=\"_blank\" rel=\"nofollow noopener\">https:\/\/www.google.com\/intl\/de_de\/help\/terms_maps.html<\/a>.<\/p>\n<h3>Einsatz von YouTube<\/h3>\n<p>Unsere Website nutzt Plugins der von Google betriebenen Seite YouTube. Betreiber der Seiten ist die YouTube, LLC, 901 Cherry Ave., San Bruno, CA 94066, USA. Die Nutzung von YouTube erfolgt zum Zweck einer ansprechenden Darstellung unserer Online-Angebote. Dies stellt ein berechtigtes Interesse im Sinne von Art. 6 Abs. 1 lit. f DSGVO dar.<\/p>\n<p>Speziell f\u00fcr den Einsatz von YouTube verwenden wir ein Plugin welches verhindert dass eine Verbindung zu den Servern von YouTube hergestellt wird, sobald Sie eine unserer mit einem YouTube-Plugin ausgestatteten Seiten besuchen. Statt dessen wird eine Verbindung zu Youtube erst aufgebaut, wenn der Nutzer aktiv auf den Abspielen-Knopf klickt. Dabei wird dem Youtube-Server mitgeteilt, welche unserer Seiten Sie besucht haben.<\/p>\n<p>Wenn Sie in Ihrem YouTube-Account eingeloggt sind erm\u00f6glichen Sie YouTube, Ihr Surfverhalten direkt Ihrem pers\u00f6nlichen Profil zuzuordnen. Dies k\u00f6nnen Sie verhindern, indem Sie sich aus Ihrem YouTube-Account ausloggen.<\/p>\n<p>Weitere Informationen zum Umgang von Nutzerdaten finden Sie in der Datenschutzerkl\u00e4rung von YouTube unter: <a href=\"https:\/\/www.google.de\/intl\/de\/policies\/privacy\" target=\"_blank\" rel=\"noopener\">https:\/\/www.google.de\/intl\/de\/policies\/privacy<\/a><\/p>\n<h3>Einsatz von Google-Adwords<\/h3>\n<p>Wir setzen zur Bewerbung unserer Website ferner das Google Werbetool &#8222;Google-Adwords&#8220; ein. Im Rahmen dessen verwenden wir auf unserer Website den Analysedienst &#8222;Conversion-Tracking&#8220; der Firma Google Ireland Limited, Gordon House, 4 Barrow Street, Dublin, D04 E5W5, Irland, nachfolgend \u201eGoogle\u201c. Sofern Sie \u00fcber eine Google-Anzeige auf unsere Webseite gelangt sind, wird ein Cookie auf Ihrem Rechner abgelegt. Cookies sind kleine Textdateien, die Ihr Internet-Browser auf Ihrem Rechner ablegt und speichert. Diese sog. &#8222;Conversion-Cookies&#8220; verlieren nach 30 Tagen ihre G\u00fcltigkeit und dienen nicht Ihrer pers\u00f6nlichen Identifikation. Besuchen Sie bestimmte Seiten unserer Website und das Cookie ist noch nicht abgelaufen, k\u00f6nnen wir und Google erkennen, dass Sie als Nutzer auf eine unserer bei Google platzierten Anzeigen geklickt haben und zu unserer Seite weitergeleitet wurden.<\/p>\n<p>Die mit Hilfe der &#8222;Conversion-Cookies&#8220; eingeholten Informationen dienen Google dazu, Besuchs-Statistiken f\u00fcr unsere Website zu erstellen. Wir erfahren durch diese Statistik die Gesamtanzahl der Nutzer, die auf unsere Anzeige geklickt haben und zudem welche Seiten unserer Website vom jeweiligen Nutzer im Anschluss aufgerufen wurden. Wir bzw. andere \u00fcber &#8222;Google-Adwords&#8220; Werbende erhalten jedoch keinerlei Informationen, mit denen sich Nutzer pers\u00f6nlich identifizieren lassen.<\/p>\n<p>Sie k\u00f6nnen die Installation der &#8222;Conversion-Cookies&#8220; durch eine entsprechende Einstellung Ihres Browsers verhindern, etwa per Browser-Einstellung, die das automatische Setzen von Cookies generell deaktiviert oder speziell nur die Cookies von der Domain &#8222;googleadservices.com\u201c blockiert.<\/p>\n<p>Die diesbez\u00fcgliche Datenschutzerkl\u00e4rung von Google erhalten Sie unter nachfolgendem Link: <a href=\"https:\/\/services.google.com\/sitestats\/de.html\" target=\"_blank\" rel=\"nofollow noopener\">https:\/\/services.google.com\/sitestats\/de.html<\/a><\/p>\n<h3>Einsatz von PayPal f\u00fcr Spenden<\/h3>\n<p>Sollten Sie sich im Rahmen Ihres Bestellvorgangs f\u00fcr eine Bezahlung mit dem Online-Zahlungsdienstleister PayPal entscheiden, werden im Rahmen der so ausgel\u00f6sten Bestellung Ihre Kontaktdaten an PayPal \u00fcbermittelt. PayPal ist ein Angebot der PayPal (Europe) S.\u00e0.r.l. &amp; Cie. S.C.A., 22-24 Boulevard Royal, L-2449 Luxembourg. PayPal \u00fcbernimmt dabei die Funktion eines Online-Zahlungsdienstleisters sowie eines Treuh\u00e4nders und bietet K\u00e4uferschutzdienste an.<\/p>\n<p>Bei den an PayPal \u00fcbermittelten personenbezogenen Daten handelt es sich zumeist um Vorname, Nachname, Adresse, Telefonnummer, IP-Adresse, E-Mail-Adresse, oder andere Daten, die zur Bestellabwicklung erforderlich sind, als auch Daten, die im Zusammenhang mit der Bestellung stehen, wie Anzahl der Artikel, Artikelnummer, Rechnungsbetrag und Steuern in Prozent, Rechnungsinformationen, usw.<\/p>\n<p>Diese \u00dcbermittelung ist zur Abwicklung Ihrer Bestellung mit der von Ihnen ausgew\u00e4hlten Zahlungsart notwendig, insbesondere zur Best\u00e4tigung Ihrer Identit\u00e4t, zur Administration Ihrer Zahlung und der Kundenbeziehung.<\/p>\n<p>Bitte beachten Sie jedoch: Personenbezogenen Daten k\u00f6nnen seitens PayPal auch an Leistungserbringer, an Subunternehmer oder andere verbundene Unternehmen weitergegeben werden, soweit dies zur Erf\u00fcllung der vertraglichen Verpflichtungen aus Ihrer Bestellung erforderlich ist oder die personenbezogenen Daten im Auftrag verarbeitet werden sollen.<\/p>\n<p>Abh\u00e4ngig von der \u00fcber PayPal ausgew\u00e4hlten Zahlungsart, z.B. Rechnung oder Lastschrift, werden die an PayPal \u00fcbermittelten personenbezogenen Daten von PayPal an Wirtschaftsauskunfteien \u00fcbermittelt. Diese \u00dcbermittlung dient der Identit\u00e4ts- und Bonit\u00e4tspr\u00fcfung in Bezug auf die von Ihnen get\u00e4tigte Bestellung. Um welche Auskunfteien es sich hierbei handelt und welche Daten von PayPal allgemein erhoben, verarbeitet, gespeichert und weitergegeben werden, entnehmen Sie der Datenschutzerkl\u00e4rung von PayPal unter <a href=\"https:\/\/www.paypal.com\/de\/webapps\/mpp\/ua\/privacy-full\" target=\"_blank\" rel=\"nofollow noopener\">https:\/\/www.paypal.com\/de\/webapps\/mpp\/ua\/privacy-full<\/a>.<\/p>\n<h3>\u00c4nderungen der Datenschutzerkl\u00e4rung<\/h3>\n<p>Wir behalten uns vor, die Datenschutzerkl\u00e4rung zu \u00e4ndern, um sie an ge\u00e4nderte Rechtslagen, oder bei \u00c4nderungen des Dienstes sowie der Datenverarbeitung anzupassen. Dies gilt jedoch nur im Hinblick auf Erkl\u00e4rungen zur Datenverarbeitung. Sofern Einwilligungen der Nutzer erforderlich sind oder Bestandteile der Datenschutzerkl\u00e4rung Regelungen des Vertragsverh\u00e4ltnisses mit den Nutzern enthalten, erfolgen die \u00c4nderungen nur mit Zustimmung der Nutzer.<\/p>\n<p>Die Nutzer werden gebeten sich regelm\u00e4\u00dfig \u00fcber den Inhalt der Datenschutzerkl\u00e4rung zu informieren.<\/p>\n<p>Stand: 25.10.2019[\/vc_column_text][\/vc_column][\/vc_row]<\/p>\n","protected":false},"excerpt":{"rendered":"<p>[vc_row][vc_column width=&#8220;1\/2&#8243;][vc_column_text] Allgemeine Hinweise Der Betreiber dieser Website nimmt den Schutz Ihrer personenbezogenen Daten sehr ernst. Personenbezogene Daten sind alle Daten, mit denen Sie pers\u00f6nlich identifiziert werden k\u00f6nnen. Wir behandeln Ihre pers\u00f6nlichen Nutzungsdaten vertraulich und entsprechend der gesetzlichen Datenschutzvorschriften sowie dieser Datenschutzerkl\u00e4rung. Die folgenden Hinweise geben einen einfachen \u00dcberblick dar\u00fcber, was mit Ihren personenbezogenen Daten [&hellip;]<\/p>\n","protected":false},"author":2,"featured_media":0,"parent":0,"menu_order":0,"comment_status":"open","ping_status":"open","template":"","meta":{"footnotes":""},"class_list":["post-663","page","type-page","status-publish","hentry"],"_links":{"self":[{"href":"https:\/\/baeume.de\/de\/wp-json\/wp\/v2\/pages\/663","targetHints":{"allow":["GET"]}}],"collection":[{"href":"https:\/\/baeume.de\/de\/wp-json\/wp\/v2\/pages"}],"about":[{"href":"https:\/\/baeume.de\/de\/wp-json\/wp\/v2\/types\/page"}],"author":[{"embeddable":true,"href":"https:\/\/baeume.de\/de\/wp-json\/wp\/v2\/users\/2"}],"replies":[{"embeddable":true,"href":"https:\/\/baeume.de\/de\/wp-json\/wp\/v2\/comments?post=663"}],"version-history":[{"count":5,"href":"https:\/\/baeume.de\/de\/wp-json\/wp\/v2\/pages\/663\/revisions"}],"predecessor-version":[{"id":5111,"href":"https:\/\/baeume.de\/de\/wp-json\/wp\/v2\/pages\/663\/revisions\/5111"}],"wp:attachment":[{"href":"https:\/\/baeume.de\/de\/wp-json\/wp\/v2\/media?parent=663"}],"curies":[{"name":"wp","href":"https:\/\/api.w.org\/{rel}","templated":true}]}}