{"id":79,"date":"2014-10-25T08:59:11","date_gmt":"2014-10-25T08:59:11","guid":{"rendered":"http:\/\/baum-patenschaft.de\/?page_id=79"},"modified":"2021-10-15T10:41:21","modified_gmt":"2021-10-15T08:41:21","slug":"kontakt","status":"publish","type":"page","link":"https:\/\/baeume.de\/de\/kontakt","title":{"rendered":"Kontakt"},"content":{"rendered":"<p>[vc_row][vc_column width=&#8220;2\/3&#8243;][vc_column_text]<\/p>\n<h2>TRETEN SIE MIT UNS IN KONTAKT<\/h2>\n<p>Sie haben W\u00fcnsche oder Fragen? Dann scheuen Sie sich nicht mit uns in Kontakt zu treten, denn wir helfen gerne und sind mit unser kompetenten Beratung f\u00fcr sie da.<\/p>\n<p>Sie k\u00f6nnen uns auch pers\u00f6nlich besuchen in unser Filiale in Weilheim. Dort wird man sich direkt um Sie k\u00fcmmern und Ihren W\u00fcnschen und Fragen nachkommen.<\/p>\n<p><strong>B\u00e4ume f\u00fcr Menschen \u2013 Trees for the World<sup>\u00ae<\/sup><\/strong><\/p>\n<p>Am Bahnhof 1<br \/>\n82449 Uffing am Staffelsee<br \/>\nGermany<\/p>\n<p>Telefon: +49 (0)8808 9345<br \/>\nTelefax: +49 (0)8808 9346<\/p>\n<p>E-Mail: <a href=\"mailto:info@baeume.de\">info@baeume.de<\/a>[\/vc_column_text][\/vc_column][vc_column width=&#8220;1\/3&#8243;][vc_column_text]<div role=\"form\" class=\"wpcf7\" id=\"wpcf7-f78-o1\" lang=\"de-DE\" dir=\"ltr\">\n<div class=\"screen-reader-response\" aria-live=\"polite\"><\/div>\n<form action=\"\/de\/wp-json\/wp\/v2\/pages\/79#wpcf7-f78-o1\" method=\"post\" class=\"wpcf7-form\" novalidate=\"novalidate\">\n<div style=\"display: none;\">\n<input type=\"hidden\" name=\"_wpcf7\" value=\"78\" \/>\n<input type=\"hidden\" name=\"_wpcf7_version\" value=\"5.1.9\" \/>\n<input type=\"hidden\" name=\"_wpcf7_locale\" value=\"de_DE\" \/>\n<input type=\"hidden\" name=\"_wpcf7_unit_tag\" value=\"wpcf7-f78-o1\" \/>\n<input type=\"hidden\" name=\"_wpcf7_container_post\" value=\"0\" \/>\n<\/div>\n<p>* Pflichtfelder<\/p>\n<p>Ihr Name *<br \/>\n    <span class=\"wpcf7-form-control-wrap your-name\"><input type=\"text\" name=\"your-name\" value=\"\" size=\"40\" class=\"wpcf7-form-control wpcf7-text wpcf7-validates-as-required\" aria-required=\"true\" aria-invalid=\"false\" \/><\/span> <\/p>\n<p>Ihre E-Mail-Adresse *<br \/>\n    <span class=\"wpcf7-form-control-wrap your-email\"><input type=\"email\" name=\"your-email\" value=\"\" size=\"40\" class=\"wpcf7-form-control wpcf7-text wpcf7-email wpcf7-validates-as-required wpcf7-validates-as-email\" aria-required=\"true\" aria-invalid=\"false\" \/><\/span> <\/p>\n<p>Betreff<br \/>\n    <span class=\"wpcf7-form-control-wrap your-subject\"><input type=\"text\" name=\"your-subject\" value=\"\" size=\"40\" class=\"wpcf7-form-control wpcf7-text\" aria-invalid=\"false\" \/><\/span> <\/p>\n<p>Ihre Nachricht<br \/>\n    <span class=\"wpcf7-form-control-wrap your-message\"><textarea name=\"your-message\" cols=\"40\" rows=\"10\" class=\"wpcf7-form-control wpcf7-textarea\" aria-invalid=\"false\"><\/textarea><\/span> <\/p>\n<p><span class=\"wpcf7-form-control-wrap wpgdprc\"><span class=\"wpcf7-form-control wpcf7-validates-as-required wpcf7-wpgdprc\"><span class=\"wpcf7-list-item\"><input type=\"checkbox\" name=\"wpgdprc\" value=\"1\" aria-required=\"true\" aria-invalid=\"false\" \/><span class=\"wpcf7-list-item-label\">Mit der Nutzung dieses Formulars erkl\u00e4rst du dich mit der Speicherung und Verarbeitung deiner Daten durch diese Website einverstanden.<\/span><\/span><\/span><\/span><\/p>\n<p><input type=\"submit\" value=\"Absenden\" class=\"wpcf7-form-control wpcf7-submit\" \/><\/p>\n<div class=\"wpcf7-response-output wpcf7-display-none\" aria-hidden=\"true\"><\/div><\/form><\/div>[\/vc_column_text][\/vc_column][\/vc_row]<\/p>\n","protected":false},"excerpt":{"rendered":"<p>[vc_row][vc_column width=&#8220;2\/3&#8243;][vc_column_text] TRETEN SIE MIT UNS IN KONTAKT Sie haben W\u00fcnsche oder Fragen? Dann scheuen Sie sich nicht mit uns in Kontakt zu treten, denn wir helfen gerne und sind mit unser kompetenten Beratung f\u00fcr sie da. Sie k\u00f6nnen uns auch pers\u00f6nlich besuchen in unser Filiale in Weilheim. Dort wird man sich direkt um Sie [&hellip;]<\/p>\n","protected":false},"author":2,"featured_media":0,"parent":0,"menu_order":0,"comment_status":"closed","ping_status":"closed","template":"","meta":{"footnotes":""},"class_list":["post-79","page","type-page","status-publish","hentry"],"_links":{"self":[{"href":"https:\/\/baeume.de\/de\/wp-json\/wp\/v2\/pages\/79","targetHints":{"allow":["GET"]}}],"collection":[{"href":"https:\/\/baeume.de\/de\/wp-json\/wp\/v2\/pages"}],"about":[{"href":"https:\/\/baeume.de\/de\/wp-json\/wp\/v2\/types\/page"}],"author":[{"embeddable":true,"href":"https:\/\/baeume.de\/de\/wp-json\/wp\/v2\/users\/2"}],"replies":[{"embeddable":true,"href":"https:\/\/baeume.de\/de\/wp-json\/wp\/v2\/comments?post=79"}],"version-history":[{"count":2,"href":"https:\/\/baeume.de\/de\/wp-json\/wp\/v2\/pages\/79\/revisions"}],"predecessor-version":[{"id":5238,"href":"https:\/\/baeume.de\/de\/wp-json\/wp\/v2\/pages\/79\/revisions\/5238"}],"wp:attachment":[{"href":"https:\/\/baeume.de\/de\/wp-json\/wp\/v2\/media?parent=79"}],"curies":[{"name":"wp","href":"https:\/\/api.w.org\/{rel}","templated":true}]}}